{"id":553,"date":"2018-01-17T17:51:14","date_gmt":"2018-01-17T17:51:14","guid":{"rendered":"http:\/\/mmktpro.com\/activaprospect\/empresa\/"},"modified":"2019-07-17T09:51:47","modified_gmt":"2019-07-17T09:51:47","slug":"empresa","status":"publish","type":"page","link":"https:\/\/activaprospect.cat\/es\/empresa\/","title":{"rendered":"Empresa"},"content":{"rendered":"<div class=\"wpb-content-wrapper\">[vc_row css=\u00bb.vc_custom_1516273835487{margin-bottom: 0px !important;padding-top: 40px !important;padding-bottom: 0px !important;}\u00bb][vc_column]<style>.vcex-heading.vcex_69deca138132b{font-weight:700;}<\/style><div class=\"vcex-heading vcex-heading-plain vcex-module wpex-heading wpex-text-2xl vcex_69deca138132b\"><span class=\"vcex-heading-inner wpex-inline-block\">ACT\u00cdVA PROSPECT<\/span><\/div>[vc_column_text]Ofrecemos servicios de consultor\u00eda y asistencia t\u00e9cnica para el dise\u00f1o\u00a0e implementaci\u00f3n de pol\u00edticas y proyectos en el \u00e1mbito econ\u00f3mico y social\u00a0para organizaciones de los sectores p\u00fablico y privado.<\/p>\n<p>Implicamos a los agentes, a las empresas y a la ciudadan\u00eda en el desarrollo territorial,\u00a0el fomento de la ocupaci\u00f3n y la mejora del bienestar de les personas,\u00a0mediante la definici\u00f3n y activaci\u00f3n de proyectos o planes.[\/vc_column_text]<div class=\"vcex-spacing wpex-w-100 wpex-clear\"><\/div>[vc_row_inner][vc_column_inner width=\u00bb1\/4&#8243;]<style>.vcex-heading.vcex_69deca1381dd8{color:#ffffff;font-size:21px;}<\/style><div class=\"vcex-heading vcex-heading-plain vcex-module wpex-heading wpex-text-2xl wpex-text-center vc_custom_1563357061488 vcex_69deca1381dd8\"><a href=\"https:\/\/activaprospect.cat\/es\/empresa\/somos-consultoria-asistencia-estrategia-territorial\/\" class=\"wpex-no-underline wpex-inherit-color-important\" title=\"Qui\u00e9nes somos y c\u00f3mo trabajamos\" target=\"_self\"><span class=\"vcex-heading-inner wpex-inline-block\">QUI\u00c9NES SOMOS<\/span><\/a><\/div>[\/vc_column_inner][vc_column_inner width=\u00bb1\/4&#8243;]<style>.vcex-heading.vcex_69deca1382235{color:#ffffff;font-size:21px;}<\/style><div class=\"vcex-heading vcex-heading-plain vcex-module wpex-heading wpex-text-2xl wpex-text-center vc_custom_1563357075809 vcex_69deca1382235\"><a href=\"https:\/\/activaprospect.cat\/es\/empresa\/servicios-asistencia-consultoria-estrategia-territorial\/\" class=\"wpex-no-underline wpex-inherit-color-important\" title=\"Qu\u00e9 servicios ofrecemos\" target=\"_self\"><span class=\"vcex-heading-inner wpex-inline-block\">SERVICIOS<\/span><\/a><\/div>[\/vc_column_inner][vc_column_inner width=\u00bb1\/4&#8243;]<style>.vcex-heading.vcex_69deca138262b{color:#ffffff;font-size:21px;}<\/style><div class=\"vcex-heading vcex-heading-plain vcex-module wpex-heading wpex-text-2xl wpex-text-center vc_custom_1563357087301 vcex_69deca138262b\"><a href=\"https:\/\/activaprospect.cat\/es\/empresa\/equipo-datos-planificacion-gestion-proyectos\/\" class=\"wpex-no-underline wpex-inherit-color-important\" title=\"El equipo\" target=\"_self\"><span class=\"vcex-heading-inner wpex-inline-block\">EQUIPO<\/span><\/a><\/div>[\/vc_column_inner][vc_column_inner width=\u00bb1\/4&#8243;]<style>.vcex-heading.vcex_69deca13829f9{color:#ffffff;font-size:21px;}<\/style><div class=\"vcex-heading vcex-heading-plain vcex-module wpex-heading wpex-text-2xl wpex-text-center vc_custom_1563357100468 vcex_69deca13829f9\"><a href=\"https:\/\/activaprospect.cat\/es\/empresa\/trayectoria-datos-diagnostico-gestion-proyectos\/\" class=\"wpex-no-underline wpex-inherit-color-important\" title=\"Memorias de actividad y trayectoria\" target=\"_self\"><span class=\"vcex-heading-inner wpex-inline-block\">TRAYECTORIA<\/span><\/a><\/div>[\/vc_column_inner][\/vc_row_inner][\/vc_column][\/vc_row][vc_row css=\u00bb.vc_custom_1525861421474{margin-top: 0px !important;}\u00bb][vc_column]<div class=\"vcex-heading vcex-heading-plain vcex-module wpex-heading wpex-text-2xl\"><span class=\"vcex-heading-inner wpex-inline-block\">Aportamos soluciones personalizadas a cada proyecto:<\/span><\/div>[\/vc_column][\/vc_row][vc_row el_class=\u00bbrow-icons\u00bb][vc_column width=\u00bb1\/6&#8243;]<div class=\"vcex-module vcex-icon-box vcex-icon-box-two wpex-block wpex-text-center icon-home\"><div class=\"vcex-icon-box-symbol vcex-icon-box-symbol--image wpex-mb-20\"><img width=\"117\" height=\"112\" src=\"https:\/\/activaprospect.cat\/wp-content\/uploads\/2018\/01\/icones_01.png\" class=\"vcex-icon-box-image wpex-align-middle\" alt=\"\" loading=\"lazy\" decoding=\"async\" \/><\/div><div class=\"vcex-icon-box-text\"><h2 class=\"vcex-icon-box-heading wpex-heading wpex-text-md wpex-mb-10\">Diagnosis<\/h2><\/div><\/div>[\/vc_column][vc_column width=\u00bb1\/6&#8243;]<div class=\"vcex-module vcex-icon-box vcex-icon-box-two wpex-block wpex-text-center icon-home\"><div class=\"vcex-icon-box-symbol vcex-icon-box-symbol--image wpex-mb-20\"><img width=\"117\" height=\"112\" src=\"https:\/\/activaprospect.cat\/wp-content\/uploads\/2018\/01\/icones_02.png\" class=\"vcex-icon-box-image wpex-align-middle\" alt=\"\" loading=\"lazy\" decoding=\"async\" \/><\/div><div class=\"vcex-icon-box-text\"><h2 class=\"vcex-icon-box-heading wpex-heading wpex-text-md wpex-mb-10\">Visi\u00f3n y estrategia<\/h2><\/div><\/div>[\/vc_column][vc_column width=\u00bb1\/6&#8243;]<div class=\"vcex-module vcex-icon-box vcex-icon-box-two wpex-block wpex-text-center icon-home\"><div class=\"vcex-icon-box-symbol vcex-icon-box-symbol--image wpex-mb-20\"><img width=\"116\" height=\"112\" src=\"https:\/\/activaprospect.cat\/wp-content\/uploads\/2018\/01\/icones_03.png\" class=\"vcex-icon-box-image wpex-align-middle\" alt=\"\" loading=\"lazy\" decoding=\"async\" \/><\/div><div class=\"vcex-icon-box-text\"><h2 class=\"vcex-icon-box-heading wpex-heading wpex-text-md wpex-mb-10\">Planificaci\u00f3n y concertaci\u00f3n<\/h2><\/div><\/div>[\/vc_column][vc_column width=\u00bb1\/6&#8243;]<div class=\"vcex-module vcex-icon-box vcex-icon-box-two wpex-block wpex-text-center icon-home\"><div class=\"vcex-icon-box-symbol vcex-icon-box-symbol--image wpex-mb-20\"><img width=\"117\" height=\"112\" src=\"https:\/\/activaprospect.cat\/wp-content\/uploads\/2018\/01\/icones_04.png\" class=\"vcex-icon-box-image wpex-align-middle\" alt=\"\" loading=\"lazy\" decoding=\"async\" \/><\/div><div class=\"vcex-icon-box-text\"><h2 class=\"vcex-icon-box-heading wpex-heading wpex-text-md wpex-mb-10\">Gesti\u00f3n de proyectos y servicios<\/h2><\/div><\/div>[\/vc_column][vc_column width=\u00bb1\/6&#8243;]<div class=\"vcex-module vcex-icon-box vcex-icon-box-two wpex-block wpex-text-center icon-home\"><div class=\"vcex-icon-box-symbol vcex-icon-box-symbol--image wpex-mb-20\"><img width=\"116\" height=\"112\" src=\"https:\/\/activaprospect.cat\/wp-content\/uploads\/2018\/01\/icones_05.png\" class=\"vcex-icon-box-image wpex-align-middle\" alt=\"\" loading=\"lazy\" decoding=\"async\" \/><\/div><div class=\"vcex-icon-box-text\"><h2 class=\"vcex-icon-box-heading wpex-heading wpex-text-md wpex-mb-10\">Evaluaci\u00f3n y seguimiento<\/h2><\/div><\/div>[\/vc_column][vc_column width=\u00bb1\/6&#8243;]<div class=\"vcex-module vcex-icon-box vcex-icon-box-two wpex-block wpex-text-center icon-home\"><div class=\"vcex-icon-box-symbol vcex-icon-box-symbol--image wpex-mb-20\"><img width=\"116\" height=\"112\" src=\"https:\/\/activaprospect.cat\/wp-content\/uploads\/2018\/01\/icones_06.png\" class=\"vcex-icon-box-image wpex-align-middle\" alt=\"\" loading=\"lazy\" decoding=\"async\" \/><\/div><div class=\"vcex-icon-box-text\"><h2 class=\"vcex-icon-box-heading wpex-heading wpex-text-md wpex-mb-10\">Difusi\u00f3n socioecon\u00f3mica<\/h2><\/div><\/div>[\/vc_column][vc_column width=\u00bb1\/6&#8243;]<div class=\"vcex-module vcex-icon-box vcex-icon-box-two wpex-block wpex-text-center icon-home\"><div class=\"vcex-icon-box-symbol vcex-icon-box-symbol--image wpex-mb-20\"><img width=\"116\" height=\"112\" src=\"https:\/\/activaprospect.cat\/wp-content\/uploads\/2018\/01\/icones_07.png\" class=\"vcex-icon-box-image wpex-align-middle\" alt=\"\" loading=\"lazy\" decoding=\"async\" \/><\/div><div class=\"vcex-icon-box-text\"><h2 class=\"vcex-icon-box-heading wpex-heading wpex-text-md wpex-mb-10\">Formaci\u00f3n<\/h2><\/div><\/div>[\/vc_column][\/vc_row]\n<\/div>","protected":false},"excerpt":{"rendered":"<p>[vc_row css=\u00bb.vc_custom_1516273835487{margin-bottom: 0px !important;padding-top: 40px !important;padding-bottom: 0px !important;}\u00bb][vc_column][vc_column_text]Ofrecemos servicios de consultor\u00eda y asistencia t\u00e9cnica para el dise\u00f1o\u00a0e implementaci\u00f3n de pol\u00edticas y proyectos en el \u00e1mbito econ\u00f3mico y social\u00a0para organizaciones de los sectores p\u00fablico y privado. Implicamos a los agentes, a las empresas y a la ciudadan\u00eda en el desarrollo territorial,\u00a0el fomento de la ocupaci\u00f3n y&hellip;<\/p>\n","protected":false},"author":1,"featured_media":0,"parent":0,"menu_order":0,"comment_status":"closed","ping_status":"closed","template":"","meta":{"footnotes":""},"class_list":["post-553","page","type-page","status-publish","hentry","entry","no-media"],"yoast_head":"<!-- This site is optimized with the Yoast SEO plugin v26.8 - https:\/\/yoast.com\/product\/yoast-seo-wordpress\/ -->\n<title>Act\u00edva Prospect, consultor\u00eda y asistencia en Desarrollo Territorial<\/title>\n<meta name=\"description\" content=\"Empresa de consultor\u00eda y asistencia t\u00e9cnica. Proyectos de desarrollo territorial, fomento de la ocupaci\u00f3n y mejora del bienestar. Entra e Inf\u00f3rmate.\" \/>\n<meta name=\"robots\" content=\"index, follow, max-snippet:-1, max-image-preview:large, max-video-preview:-1\" \/>\n<link rel=\"canonical\" href=\"https:\/\/activaprospect.cat\/es\/empresa\/\" \/>\n<meta property=\"og:locale\" content=\"es_ES\" \/>\n<meta property=\"og:type\" content=\"article\" \/>\n<meta property=\"og:title\" content=\"Act\u00edva Prospect, consultor\u00eda y asistencia en Desarrollo Territorial\" \/>\n<meta property=\"og:description\" content=\"Empresa de consultor\u00eda y asistencia t\u00e9cnica. Proyectos de desarrollo territorial, fomento de la ocupaci\u00f3n y mejora del bienestar. Entra e Inf\u00f3rmate.\" \/>\n<meta property=\"og:url\" content=\"https:\/\/activaprospect.cat\/es\/empresa\/\" \/>\n<meta property=\"og:site_name\" content=\"Act\u00edva Prospect\" \/>\n<meta property=\"article:modified_time\" content=\"2019-07-17T09:51:47+00:00\" \/>\n<meta name=\"twitter:card\" content=\"summary_large_image\" \/>\n<meta name=\"twitter:site\" content=\"@activaprospect\" \/>\n<meta name=\"twitter:label1\" content=\"Tiempo de lectura\" \/>\n\t<meta name=\"twitter:data1\" content=\"2 minutos\" \/>\n<script type=\"application\/ld+json\" class=\"yoast-schema-graph\">{\"@context\":\"https:\/\/schema.org\",\"@graph\":[{\"@type\":\"WebPage\",\"@id\":\"https:\/\/activaprospect.cat\/es\/empresa\/\",\"url\":\"https:\/\/activaprospect.cat\/es\/empresa\/\",\"name\":\"Act\u00edva Prospect, consultor\u00eda y asistencia en Desarrollo Territorial\",\"isPartOf\":{\"@id\":\"https:\/\/activaprospect.cat\/es\/#website\"},\"datePublished\":\"2018-01-17T17:51:14+00:00\",\"dateModified\":\"2019-07-17T09:51:47+00:00\",\"description\":\"Empresa de consultor\u00eda y asistencia t\u00e9cnica. Proyectos de desarrollo territorial, fomento de la ocupaci\u00f3n y mejora del bienestar. Entra e Inf\u00f3rmate.\",\"breadcrumb\":{\"@id\":\"https:\/\/activaprospect.cat\/es\/empresa\/#breadcrumb\"},\"inLanguage\":\"es\",\"potentialAction\":[{\"@type\":\"ReadAction\",\"target\":[\"https:\/\/activaprospect.cat\/es\/empresa\/\"]}]},{\"@type\":\"BreadcrumbList\",\"@id\":\"https:\/\/activaprospect.cat\/es\/empresa\/#breadcrumb\",\"itemListElement\":[{\"@type\":\"ListItem\",\"position\":1,\"name\":\"Inici\",\"item\":\"https:\/\/activaprospect.cat\/es\/\"},{\"@type\":\"ListItem\",\"position\":2,\"name\":\"Empresa\"}]},{\"@type\":\"WebSite\",\"@id\":\"https:\/\/activaprospect.cat\/es\/#website\",\"url\":\"https:\/\/activaprospect.cat\/es\/\",\"name\":\"Act\u00edva Prospect\",\"description\":\"Serveis de recerca, consultoria i assist&egrave;ncia t&egrave;cnica per la implementaci&oacute; de pol&iacute;tiques i projectes en l&#039;&agrave;mbit econ&ograve;mic i social\",\"publisher\":{\"@id\":\"https:\/\/activaprospect.cat\/es\/#organization\"},\"potentialAction\":[{\"@type\":\"SearchAction\",\"target\":{\"@type\":\"EntryPoint\",\"urlTemplate\":\"https:\/\/activaprospect.cat\/es\/?s={search_term_string}\"},\"query-input\":{\"@type\":\"PropertyValueSpecification\",\"valueRequired\":true,\"valueName\":\"search_term_string\"}}],\"inLanguage\":\"es\"},{\"@type\":\"Organization\",\"@id\":\"https:\/\/activaprospect.cat\/es\/#organization\",\"name\":\"ACT\u00cdVA PROSPECT Research & Solutions, S.L.\",\"url\":\"https:\/\/activaprospect.cat\/es\/\",\"logo\":{\"@type\":\"ImageObject\",\"inLanguage\":\"es\",\"@id\":\"https:\/\/activaprospect.cat\/es\/#\/schema\/logo\/image\/\",\"url\":\"https:\/\/activaprospect.cat\/wp-content\/uploads\/2018\/01\/logo-activa.png\",\"contentUrl\":\"https:\/\/activaprospect.cat\/wp-content\/uploads\/2018\/01\/logo-activa.png\",\"width\":365,\"height\":130,\"caption\":\"ACT\u00cdVA PROSPECT Research & Solutions, S.L.\"},\"image\":{\"@id\":\"https:\/\/activaprospect.cat\/es\/#\/schema\/logo\/image\/\"},\"sameAs\":[\"https:\/\/x.com\/activaprospect\",\"https:\/\/www.linkedin.com\/company\/activa-prospect\"]}]}<\/script>\n<!-- \/ Yoast SEO plugin. -->","yoast_head_json":{"title":"Act\u00edva Prospect, consultor\u00eda y asistencia en Desarrollo Territorial","description":"Empresa de consultor\u00eda y asistencia t\u00e9cnica. Proyectos de desarrollo territorial, fomento de la ocupaci\u00f3n y mejora del bienestar. Entra e Inf\u00f3rmate.","robots":{"index":"index","follow":"follow","max-snippet":"max-snippet:-1","max-image-preview":"max-image-preview:large","max-video-preview":"max-video-preview:-1"},"canonical":"https:\/\/activaprospect.cat\/es\/empresa\/","og_locale":"es_ES","og_type":"article","og_title":"Act\u00edva Prospect, consultor\u00eda y asistencia en Desarrollo Territorial","og_description":"Empresa de consultor\u00eda y asistencia t\u00e9cnica. Proyectos de desarrollo territorial, fomento de la ocupaci\u00f3n y mejora del bienestar. Entra e Inf\u00f3rmate.","og_url":"https:\/\/activaprospect.cat\/es\/empresa\/","og_site_name":"Act\u00edva Prospect","article_modified_time":"2019-07-17T09:51:47+00:00","twitter_card":"summary_large_image","twitter_site":"@activaprospect","twitter_misc":{"Tiempo de lectura":"2 minutos"},"schema":{"@context":"https:\/\/schema.org","@graph":[{"@type":"WebPage","@id":"https:\/\/activaprospect.cat\/es\/empresa\/","url":"https:\/\/activaprospect.cat\/es\/empresa\/","name":"Act\u00edva Prospect, consultor\u00eda y asistencia en Desarrollo Territorial","isPartOf":{"@id":"https:\/\/activaprospect.cat\/es\/#website"},"datePublished":"2018-01-17T17:51:14+00:00","dateModified":"2019-07-17T09:51:47+00:00","description":"Empresa de consultor\u00eda y asistencia t\u00e9cnica. Proyectos de desarrollo territorial, fomento de la ocupaci\u00f3n y mejora del bienestar. Entra e Inf\u00f3rmate.","breadcrumb":{"@id":"https:\/\/activaprospect.cat\/es\/empresa\/#breadcrumb"},"inLanguage":"es","potentialAction":[{"@type":"ReadAction","target":["https:\/\/activaprospect.cat\/es\/empresa\/"]}]},{"@type":"BreadcrumbList","@id":"https:\/\/activaprospect.cat\/es\/empresa\/#breadcrumb","itemListElement":[{"@type":"ListItem","position":1,"name":"Inici","item":"https:\/\/activaprospect.cat\/es\/"},{"@type":"ListItem","position":2,"name":"Empresa"}]},{"@type":"WebSite","@id":"https:\/\/activaprospect.cat\/es\/#website","url":"https:\/\/activaprospect.cat\/es\/","name":"Act\u00edva Prospect","description":"Serveis de recerca, consultoria i assist&egrave;ncia t&egrave;cnica per la implementaci&oacute; de pol&iacute;tiques i projectes en l&#039;&agrave;mbit econ&ograve;mic i social","publisher":{"@id":"https:\/\/activaprospect.cat\/es\/#organization"},"potentialAction":[{"@type":"SearchAction","target":{"@type":"EntryPoint","urlTemplate":"https:\/\/activaprospect.cat\/es\/?s={search_term_string}"},"query-input":{"@type":"PropertyValueSpecification","valueRequired":true,"valueName":"search_term_string"}}],"inLanguage":"es"},{"@type":"Organization","@id":"https:\/\/activaprospect.cat\/es\/#organization","name":"ACT\u00cdVA PROSPECT Research & Solutions, S.L.","url":"https:\/\/activaprospect.cat\/es\/","logo":{"@type":"ImageObject","inLanguage":"es","@id":"https:\/\/activaprospect.cat\/es\/#\/schema\/logo\/image\/","url":"https:\/\/activaprospect.cat\/wp-content\/uploads\/2018\/01\/logo-activa.png","contentUrl":"https:\/\/activaprospect.cat\/wp-content\/uploads\/2018\/01\/logo-activa.png","width":365,"height":130,"caption":"ACT\u00cdVA PROSPECT Research & Solutions, S.L."},"image":{"@id":"https:\/\/activaprospect.cat\/es\/#\/schema\/logo\/image\/"},"sameAs":["https:\/\/x.com\/activaprospect","https:\/\/www.linkedin.com\/company\/activa-prospect"]}]}},"_links":{"self":[{"href":"https:\/\/activaprospect.cat\/es\/wp-json\/wp\/v2\/pages\/553","targetHints":{"allow":["GET"]}}],"collection":[{"href":"https:\/\/activaprospect.cat\/es\/wp-json\/wp\/v2\/pages"}],"about":[{"href":"https:\/\/activaprospect.cat\/es\/wp-json\/wp\/v2\/types\/page"}],"author":[{"embeddable":true,"href":"https:\/\/activaprospect.cat\/es\/wp-json\/wp\/v2\/users\/1"}],"replies":[{"embeddable":true,"href":"https:\/\/activaprospect.cat\/es\/wp-json\/wp\/v2\/comments?post=553"}],"version-history":[{"count":0,"href":"https:\/\/activaprospect.cat\/es\/wp-json\/wp\/v2\/pages\/553\/revisions"}],"wp:attachment":[{"href":"https:\/\/activaprospect.cat\/es\/wp-json\/wp\/v2\/media?parent=553"}],"curies":[{"name":"wp","href":"https:\/\/api.w.org\/{rel}","templated":true}]}}