{"id":566,"date":"2018-08-31T09:50:12","date_gmt":"2018-08-31T09:50:12","guid":{"rendered":"http:\/\/mmktpro.com\/activaprospect\/?page_id=566"},"modified":"2022-04-04T10:05:59","modified_gmt":"2022-04-04T10:05:59","slug":"equipo-datos-planificacion-gestion-proyectos","status":"publish","type":"page","link":"https:\/\/activaprospect.cat\/es\/empresa\/equipo-datos-planificacion-gestion-proyectos\/","title":{"rendered":"El equipo"},"content":{"rendered":"<div class=\"wpb-content-wrapper\">[vc_row][vc_column][vc_column_text]El principal activo de la empresa es su equipo. Aportamos una base s\u00f3lida de experiencia tanto en lo relativo al conocimiento de la estrategia territorial, de la din\u00e1mica social y econ\u00f3mica, de las innovaciones en la intervenci\u00f3n, como en las metodolog\u00edas a aplicar para analizar los requerimientos planteados por los clientes y diagnosticar la situaci\u00f3n.<\/p>\n<p>Formamos un grupo interdisciplinario y experimentado en gesti\u00f3n de proyectos, trabajamos en equipo de forma continuada, de modo que garantizamos la m\u00e1xima calidad del resultado, el cumplimiento de los plazos gracias al seguimiento y monitoreo de proyectos, estar cerca de las necesidades de los clientes y ser flexibles ante sus demandas.[\/vc_column_text][\/vc_column][\/vc_row][vc_row][vc_column width=\u00bb1\/3&#8243;][vc_single_image image=\u00bb1210&#8243;][\/vc_column][vc_column width=\u00bb2\/3&#8243;]<div class=\"vcex-heading vcex-heading-plain vcex-module wpex-heading wpex-text-2xl team-name\"><span class=\"vcex-heading-inner wpex-inline-block\">David Moreno<\/span><\/div>[vc_column_text el_class=\u00bbteam-description\u00bb]Ingeniero Inform\u00e1tico y Diplomado en Estad\u00edstica, con un Posgrado de Participaci\u00f3n Ciudadana y Comunicaci\u00f3n de la Universidad de Girona, especializado en la consultor\u00eda de administraciones p\u00fablicas y organizaciones empresariales para la planificaci\u00f3n estrat\u00e9gica y la monitorizaci\u00f3n de la evoluci\u00f3n de la econom\u00eda.<\/p>\n<p>Es experto en an\u00e1lisis de datos ofrece servicios en el dise\u00f1o e implementaci\u00f3n de sistemas que ayudan a la toma de decisiones y a la construcci\u00f3n de indicadores en diferentes \u00e1mbitos. Su aportaci\u00f3n de valor a\u00f1adido es el generar un relato bas\u00e1ndose en la interpretaci\u00f3n de los datos y la identificaci\u00f3n de los temas cr\u00edticos para el planteamiento de estrategias.<\/p>\n<p><a href=\"mailto:d.moreno@activaprospect.cat\">d.moreno@activaprospect.cat<\/a>[\/vc_column_text][\/vc_column][\/vc_row][vc_row][vc_column width=\u00bb1\/3&#8243;][vc_single_image image=\u00bb1212&#8243;][\/vc_column][vc_column width=\u00bb2\/3&#8243;]<div class=\"vcex-heading vcex-heading-plain vcex-module wpex-heading wpex-text-2xl team-name\"><span class=\"vcex-heading-inner wpex-inline-block\">Laia Pellej\u00e0<\/span><\/div>[vc_column_text el_class=\u00bbteam-description\u00bb]Soci\u00f3loga y M\u00e1ster en Sociedad de la Informaci\u00f3n y el Conocimiento, DEA en Sociolog\u00eda. Especializada en la consultor\u00eda de ayuntamientos, administraciones p\u00fablicas locales y entidades privadas en el dise\u00f1o y la implementaci\u00f3n de proyectos, principalmente en el \u00e1mbito econ\u00f3mico y el social.<\/p>\n<p>Como metod\u00f3loga basa la prestaci\u00f3n de servicios mediante la planificaci\u00f3n y la acci\u00f3n, vinculando los agentes, las empresas y la ciudadan\u00eda para el desarrollo territorial, el fomento de la ocupaci\u00f3n y la mejora del bienestar de las personas.<\/p>\n<p>En el \u00e1mbito de las ciudades y barrios, ha llevado a cabo numerosos proyectos de diagnosis y planificaci\u00f3n de equipamientos, principalmente en Barcelona ciudad, as\u00ed como tambi\u00e9n en otros municipios cercanos.<\/p>\n<p><a href=\"mailto:l.pelleja@activaprospect.cat\">l.pelleja@activaprospect.cat<\/a>[\/vc_column_text][\/vc_column][\/vc_row][vc_row][vc_column width=\u00bb1\/3&#8243;][vc_single_image image=\u00bb1215&#8243;][\/vc_column][vc_column width=\u00bb2\/3&#8243;]<div class=\"vcex-heading vcex-heading-plain vcex-module wpex-heading wpex-text-2xl team-name\"><span class=\"vcex-heading-inner wpex-inline-block\">Meritxell Garsaball<\/span><\/div>[vc_column_text el_class=\u00bbteam-description\u00bb]Diplomada en Ciencias Empresariales por la Universidad Aut\u00f3noma de Barcelona, especializada en la gesti\u00f3n y administraci\u00f3n de empresas y, en especial, en la direcci\u00f3n y ejecuci\u00f3n de procesos de auditor\u00eda.<\/p>\n<p>En el \u00e1mbito de la gesti\u00f3n, acumula una larga experiencia y dominio de las herramientas de seguimiento y control de funcionamiento y resultados de una empresa, as\u00ed como tambi\u00e9n en el \u00e1mbito de la financiaci\u00f3n.<\/p>\n<p><a href=\"mailto:m.garsaball@activaprospect.cat\">m.garsaball@activaprospect.cat<\/a>[\/vc_column_text][\/vc_column][\/vc_row][vc_row][vc_column]<div class=\"vcex-heading vcex-heading-plain vcex-module wpex-heading wpex-text-2xl\"><span class=\"vcex-heading-inner wpex-inline-block\">Colaboradores estables<\/span><\/div>[vc_column_text]\n<p style=\"text-align: justify;\">Contamos con una red estable de colaboradores, empresas y organizaciones para complementar los perfiles requeridos en cada proyecto y ofrecer propuestas a medida, especialmente en el \u00e1mbito tecnol\u00f3gico, de asesoramiento y crecimiento empresarial, urban\u00edstico, jur\u00eddico, entre otros.<\/p>\n<ul>\n<li>Eul\u00e0lia Balany\u00e0 Creaci\u00f3n y consolidaci\u00f3n de empresas<\/li>\n<li>Ana Lete Murugarren. Evaluaci\u00f3n de pol\u00edticas p\u00fablicas<\/li>\n<li>Solucions Geogr\u00e0fiques. Censos empresariales, mobilidad.<\/li>\n<li>DCB Turisme i Desenvolupament Local<\/li>\n<li>La Salle Technova<\/li>\n<li>XPCAT<\/li>\n<li>Notus<\/li>\n<li>Xarxa Consultors<\/li>\n<li>Jaume Bages. Estrat\u00e8gic<\/li>\n<\/ul>\n[\/vc_column_text][\/vc_column][\/vc_row][vc_row css=\u00bb.vc_custom_1539775993036{margin-bottom: 60px !important;}\u00bb][vc_column]<style>.vcex-heading.vcex_69d734d10ca6c{color:#ffffff;font-size:20px;line-height:3;}<\/style><h2 class=\"vcex-heading vcex-heading-plain vcex-module wpex-heading wpex-text-2xl wpex-text-center vc_custom_1563352089256 vcex_69d734d10ca6c\"><a href=\"https:\/\/activaprospect.cat\/es\/contacto-expertos-desarrollo-local\/\" class=\"wpex-no-underline wpex-inherit-color-important\" title=\"Contacto\" target=\"_blank\" rel=\"noopener noreferrer\"><span class=\"vcex-heading-inner wpex-inline-block\">\u00bfQUIERES TRABAJAR CON NOSOTROS?<\/span><\/a><\/h2>[\/vc_column][\/vc_row]\n<\/div>","protected":false},"excerpt":{"rendered":"<p>[vc_row][vc_column][vc_column_text]El principal activo de la empresa es su equipo. Aportamos una base s\u00f3lida de experiencia tanto en lo relativo al conocimiento de la estrategia territorial, de la din\u00e1mica social y econ\u00f3mica, de las innovaciones en la intervenci\u00f3n, como en las metodolog\u00edas a aplicar para analizar los requerimientos planteados por los clientes y diagnosticar la situaci\u00f3n.&hellip;<\/p>\n","protected":false},"author":1,"featured_media":0,"parent":553,"menu_order":0,"comment_status":"closed","ping_status":"closed","template":"","meta":{"footnotes":""},"class_list":["post-566","page","type-page","status-publish","hentry","entry","no-media"],"yoast_head":"<!-- This site is optimized with the Yoast SEO plugin v26.8 - https:\/\/yoast.com\/product\/yoast-seo-wordpress\/ -->\n<title>Expertos en datos, diagnosis, planificaci\u00f3n y gesti\u00f3n de proyectos - Act\u00edva Prospect<\/title>\n<meta name=\"description\" content=\"Equipo multidisciplinar experto en data analisis, metodolog\u00eda, planificaci\u00f3n y gesti\u00f3n de proyectos, dando la mejor calidad en el resultado final.\" \/>\n<meta name=\"robots\" content=\"index, follow, max-snippet:-1, max-image-preview:large, max-video-preview:-1\" \/>\n<link rel=\"canonical\" href=\"https:\/\/activaprospect.cat\/es\/empresa\/equipo-datos-planificacion-gestion-proyectos\/\" \/>\n<meta property=\"og:locale\" content=\"es_ES\" \/>\n<meta property=\"og:type\" content=\"article\" \/>\n<meta property=\"og:title\" content=\"Expertos en datos, diagnosis, planificaci\u00f3n y gesti\u00f3n de proyectos - Act\u00edva Prospect\" \/>\n<meta property=\"og:description\" content=\"Equipo multidisciplinar experto en data analisis, metodolog\u00eda, planificaci\u00f3n y gesti\u00f3n de proyectos, dando la mejor calidad en el resultado final.\" \/>\n<meta property=\"og:url\" content=\"https:\/\/activaprospect.cat\/es\/empresa\/equipo-datos-planificacion-gestion-proyectos\/\" \/>\n<meta property=\"og:site_name\" content=\"Act\u00edva Prospect\" \/>\n<meta property=\"article:modified_time\" content=\"2022-04-04T10:05:59+00:00\" \/>\n<meta name=\"twitter:card\" content=\"summary_large_image\" \/>\n<meta name=\"twitter:site\" content=\"@activaprospect\" \/>\n<meta name=\"twitter:label1\" content=\"Tiempo de lectura\" \/>\n\t<meta name=\"twitter:data1\" content=\"3 minutos\" \/>\n<script type=\"application\/ld+json\" class=\"yoast-schema-graph\">{\"@context\":\"https:\/\/schema.org\",\"@graph\":[{\"@type\":\"WebPage\",\"@id\":\"https:\/\/activaprospect.cat\/es\/empresa\/equipo-datos-planificacion-gestion-proyectos\/\",\"url\":\"https:\/\/activaprospect.cat\/es\/empresa\/equipo-datos-planificacion-gestion-proyectos\/\",\"name\":\"Expertos en datos, diagnosis, planificaci\u00f3n y gesti\u00f3n de proyectos - Act\u00edva Prospect\",\"isPartOf\":{\"@id\":\"https:\/\/activaprospect.cat\/es\/#website\"},\"datePublished\":\"2018-08-31T09:50:12+00:00\",\"dateModified\":\"2022-04-04T10:05:59+00:00\",\"description\":\"Equipo multidisciplinar experto en data analisis, metodolog\u00eda, planificaci\u00f3n y gesti\u00f3n de proyectos, dando la mejor calidad en el resultado final.\",\"breadcrumb\":{\"@id\":\"https:\/\/activaprospect.cat\/es\/empresa\/equipo-datos-planificacion-gestion-proyectos\/#breadcrumb\"},\"inLanguage\":\"es\",\"potentialAction\":[{\"@type\":\"ReadAction\",\"target\":[\"https:\/\/activaprospect.cat\/es\/empresa\/equipo-datos-planificacion-gestion-proyectos\/\"]}]},{\"@type\":\"BreadcrumbList\",\"@id\":\"https:\/\/activaprospect.cat\/es\/empresa\/equipo-datos-planificacion-gestion-proyectos\/#breadcrumb\",\"itemListElement\":[{\"@type\":\"ListItem\",\"position\":1,\"name\":\"Inici\",\"item\":\"https:\/\/activaprospect.cat\/es\/\"},{\"@type\":\"ListItem\",\"position\":2,\"name\":\"Empresa\",\"item\":\"https:\/\/activaprospect.cat\/es\/empresa\/\"},{\"@type\":\"ListItem\",\"position\":3,\"name\":\"El equipo\"}]},{\"@type\":\"WebSite\",\"@id\":\"https:\/\/activaprospect.cat\/es\/#website\",\"url\":\"https:\/\/activaprospect.cat\/es\/\",\"name\":\"Act\u00edva Prospect\",\"description\":\"Serveis de recerca, consultoria i assist&egrave;ncia t&egrave;cnica per la implementaci&oacute; de pol&iacute;tiques i projectes en l&#039;&agrave;mbit econ&ograve;mic i social\",\"publisher\":{\"@id\":\"https:\/\/activaprospect.cat\/es\/#organization\"},\"potentialAction\":[{\"@type\":\"SearchAction\",\"target\":{\"@type\":\"EntryPoint\",\"urlTemplate\":\"https:\/\/activaprospect.cat\/es\/?s={search_term_string}\"},\"query-input\":{\"@type\":\"PropertyValueSpecification\",\"valueRequired\":true,\"valueName\":\"search_term_string\"}}],\"inLanguage\":\"es\"},{\"@type\":\"Organization\",\"@id\":\"https:\/\/activaprospect.cat\/es\/#organization\",\"name\":\"ACT\u00cdVA PROSPECT Research & Solutions, S.L.\",\"url\":\"https:\/\/activaprospect.cat\/es\/\",\"logo\":{\"@type\":\"ImageObject\",\"inLanguage\":\"es\",\"@id\":\"https:\/\/activaprospect.cat\/es\/#\/schema\/logo\/image\/\",\"url\":\"https:\/\/activaprospect.cat\/wp-content\/uploads\/2018\/01\/logo-activa.png\",\"contentUrl\":\"https:\/\/activaprospect.cat\/wp-content\/uploads\/2018\/01\/logo-activa.png\",\"width\":365,\"height\":130,\"caption\":\"ACT\u00cdVA PROSPECT Research & Solutions, S.L.\"},\"image\":{\"@id\":\"https:\/\/activaprospect.cat\/es\/#\/schema\/logo\/image\/\"},\"sameAs\":[\"https:\/\/x.com\/activaprospect\",\"https:\/\/www.linkedin.com\/company\/activa-prospect\"]}]}<\/script>\n<!-- \/ Yoast SEO plugin. -->","yoast_head_json":{"title":"Expertos en datos, diagnosis, planificaci\u00f3n y gesti\u00f3n de proyectos - Act\u00edva Prospect","description":"Equipo multidisciplinar experto en data analisis, metodolog\u00eda, planificaci\u00f3n y gesti\u00f3n de proyectos, dando la mejor calidad en el resultado final.","robots":{"index":"index","follow":"follow","max-snippet":"max-snippet:-1","max-image-preview":"max-image-preview:large","max-video-preview":"max-video-preview:-1"},"canonical":"https:\/\/activaprospect.cat\/es\/empresa\/equipo-datos-planificacion-gestion-proyectos\/","og_locale":"es_ES","og_type":"article","og_title":"Expertos en datos, diagnosis, planificaci\u00f3n y gesti\u00f3n de proyectos - Act\u00edva Prospect","og_description":"Equipo multidisciplinar experto en data analisis, metodolog\u00eda, planificaci\u00f3n y gesti\u00f3n de proyectos, dando la mejor calidad en el resultado final.","og_url":"https:\/\/activaprospect.cat\/es\/empresa\/equipo-datos-planificacion-gestion-proyectos\/","og_site_name":"Act\u00edva Prospect","article_modified_time":"2022-04-04T10:05:59+00:00","twitter_card":"summary_large_image","twitter_site":"@activaprospect","twitter_misc":{"Tiempo de lectura":"3 minutos"},"schema":{"@context":"https:\/\/schema.org","@graph":[{"@type":"WebPage","@id":"https:\/\/activaprospect.cat\/es\/empresa\/equipo-datos-planificacion-gestion-proyectos\/","url":"https:\/\/activaprospect.cat\/es\/empresa\/equipo-datos-planificacion-gestion-proyectos\/","name":"Expertos en datos, diagnosis, planificaci\u00f3n y gesti\u00f3n de proyectos - Act\u00edva Prospect","isPartOf":{"@id":"https:\/\/activaprospect.cat\/es\/#website"},"datePublished":"2018-08-31T09:50:12+00:00","dateModified":"2022-04-04T10:05:59+00:00","description":"Equipo multidisciplinar experto en data analisis, metodolog\u00eda, planificaci\u00f3n y gesti\u00f3n de proyectos, dando la mejor calidad en el resultado final.","breadcrumb":{"@id":"https:\/\/activaprospect.cat\/es\/empresa\/equipo-datos-planificacion-gestion-proyectos\/#breadcrumb"},"inLanguage":"es","potentialAction":[{"@type":"ReadAction","target":["https:\/\/activaprospect.cat\/es\/empresa\/equipo-datos-planificacion-gestion-proyectos\/"]}]},{"@type":"BreadcrumbList","@id":"https:\/\/activaprospect.cat\/es\/empresa\/equipo-datos-planificacion-gestion-proyectos\/#breadcrumb","itemListElement":[{"@type":"ListItem","position":1,"name":"Inici","item":"https:\/\/activaprospect.cat\/es\/"},{"@type":"ListItem","position":2,"name":"Empresa","item":"https:\/\/activaprospect.cat\/es\/empresa\/"},{"@type":"ListItem","position":3,"name":"El equipo"}]},{"@type":"WebSite","@id":"https:\/\/activaprospect.cat\/es\/#website","url":"https:\/\/activaprospect.cat\/es\/","name":"Act\u00edva Prospect","description":"Serveis de recerca, consultoria i assist&egrave;ncia t&egrave;cnica per la implementaci&oacute; de pol&iacute;tiques i projectes en l&#039;&agrave;mbit econ&ograve;mic i social","publisher":{"@id":"https:\/\/activaprospect.cat\/es\/#organization"},"potentialAction":[{"@type":"SearchAction","target":{"@type":"EntryPoint","urlTemplate":"https:\/\/activaprospect.cat\/es\/?s={search_term_string}"},"query-input":{"@type":"PropertyValueSpecification","valueRequired":true,"valueName":"search_term_string"}}],"inLanguage":"es"},{"@type":"Organization","@id":"https:\/\/activaprospect.cat\/es\/#organization","name":"ACT\u00cdVA PROSPECT Research & Solutions, S.L.","url":"https:\/\/activaprospect.cat\/es\/","logo":{"@type":"ImageObject","inLanguage":"es","@id":"https:\/\/activaprospect.cat\/es\/#\/schema\/logo\/image\/","url":"https:\/\/activaprospect.cat\/wp-content\/uploads\/2018\/01\/logo-activa.png","contentUrl":"https:\/\/activaprospect.cat\/wp-content\/uploads\/2018\/01\/logo-activa.png","width":365,"height":130,"caption":"ACT\u00cdVA PROSPECT Research & Solutions, S.L."},"image":{"@id":"https:\/\/activaprospect.cat\/es\/#\/schema\/logo\/image\/"},"sameAs":["https:\/\/x.com\/activaprospect","https:\/\/www.linkedin.com\/company\/activa-prospect"]}]}},"_links":{"self":[{"href":"https:\/\/activaprospect.cat\/es\/wp-json\/wp\/v2\/pages\/566","targetHints":{"allow":["GET"]}}],"collection":[{"href":"https:\/\/activaprospect.cat\/es\/wp-json\/wp\/v2\/pages"}],"about":[{"href":"https:\/\/activaprospect.cat\/es\/wp-json\/wp\/v2\/types\/page"}],"author":[{"embeddable":true,"href":"https:\/\/activaprospect.cat\/es\/wp-json\/wp\/v2\/users\/1"}],"replies":[{"embeddable":true,"href":"https:\/\/activaprospect.cat\/es\/wp-json\/wp\/v2\/comments?post=566"}],"version-history":[{"count":2,"href":"https:\/\/activaprospect.cat\/es\/wp-json\/wp\/v2\/pages\/566\/revisions"}],"predecessor-version":[{"id":2383,"href":"https:\/\/activaprospect.cat\/es\/wp-json\/wp\/v2\/pages\/566\/revisions\/2383"}],"up":[{"embeddable":true,"href":"https:\/\/activaprospect.cat\/es\/wp-json\/wp\/v2\/pages\/553"}],"wp:attachment":[{"href":"https:\/\/activaprospect.cat\/es\/wp-json\/wp\/v2\/media?parent=566"}],"curies":[{"name":"wp","href":"https:\/\/api.w.org\/{rel}","templated":true}]}}