{"id":610,"date":"2018-08-31T10:31:48","date_gmt":"2018-08-31T10:31:48","guid":{"rendered":"http:\/\/mmktpro.com\/activaprospect\/?page_id=610"},"modified":"2019-07-17T07:25:53","modified_gmt":"2019-07-17T07:25:53","slug":"planificacion-urbana-barrios-equipamientos","status":"publish","type":"page","link":"https:\/\/activaprospect.cat\/es\/ambitos\/planificacion-urbana-barrios-equipamientos\/","title":{"rendered":"Barrios y equipamientos"},"content":{"rendered":"<div class=\"wpb-content-wrapper\">[vc_row][vc_column][vc_column_text]\n<p style=\"text-align: justify;\">A partir de un enfoque metodol\u00f3gico propio, se aborda el an\u00e1lisis de las necesidades de un territorio para una adecuada<strong>\u00a0planificaci\u00f3n urbana.<\/strong> En base a un <strong>diagn\u00f3stico y una formulaci\u00f3n propositiva, <\/strong>identificamos la trama de equipamientos y c\u00f3mo encaja con las necesidades de la poblaci\u00f3n residente actual y futura.<\/p>\n<p style=\"text-align: justify;\">Con este an\u00e1lisis, contrastamos la dotaci\u00f3n actual de equipamientos con las necesidades de la poblaci\u00f3n, observamos las caracter\u00edsticas sociodemogr\u00e1ficas, los est\u00e1ndares y criterios de planificaci\u00f3n de equipamientos y las necesidades que de ello se derivan.<\/p>\n<p style=\"text-align: justify;\">Por otra parte, precisamente la <strong>ciudadan\u00eda es un actor clave<\/strong> de su entorno urbano, y su participaci\u00f3n en la detecci\u00f3n de necesidades e implicaci\u00f3n en la formulaci\u00f3n de propuestas de mejora ser\u00e1 un motor para incorporar en la planificaci\u00f3n los <strong>cambios y transformaciones<\/strong> que se producen en los usos de los equipamientos.<\/p>\n<p style=\"text-align: justify;\"><span style=\"font-size: 15pt;\"><span style=\"color: #00738e;\"><strong>Damos soluciones mediante:<\/strong><\/span><\/span><\/p>\n<ul>\n<li><strong>Inventario y mapa de equipamientos de un territorio (barrio, distrito o ciudad)<\/strong><\/li>\n<li><strong>An\u00e1lisis de les necesidades y propuestas de nuevos equipamientos <\/strong><\/li>\n<li><strong>Planes directores y planes de usos de equipamientos<\/strong><\/li>\n<\/ul>\n[\/vc_column_text][\/vc_column][\/vc_row][vc_row][vc_column]<style>.vcex-heading.vcex_69d0336a3229b{color:#6cc4c4;}<\/style><h2 class=\"vcex-heading vcex-heading-plain vcex-module wpex-heading wpex-text-2xl vcex_69d0336a3229b\"><span class=\"vcex-heading-inner wpex-inline-block\">PROYECTOS SIMILARES<\/span><\/h2>[\/vc_column][\/vc_row][vc_row full_width=\u00bbstretch_row_content\u00bb content_placement=\u00bbmiddle\u00bb][vc_column]<div class=\"vcex-module vcex-portfolio-grid-wrap wpex-clr\"><div class=\"wpex-row vcex-portfolio-grid wpex-clr entries gap-10 match-height-grid\"><div class=\"portfolio-entry vcex-grid-item span_1_of_6 col col-1 entry post-767 type-portfolio has-media serveis-portfolio-205 serveis-portfolio-206 serveis-portfolio-64 serveis-portfolio-207 tag-225 tag-194 tag-124 tag-201 tag-135 cat-53 cat-203\"><div class=\"portfolio-entry-inner entry-inner wpex-first-mt-0 wpex-last-mb-0 wpex-clr\"><div class=\"portfolio-entry-media entry-media wpex-relative wpex-image-hover opacity overlay-parent overlay-parent-title-excerpt-hover overlay-h wpex-overflow-hidden overlay-ms\"><a href=\"https:\/\/activaprospect.cat\/es\/portfolio-item\/analisis-balance-y-propuestas-de-las-necesidades-de-equipamientos\/\" title=\"An\u00e1lisis, balance y propuestas de las necesidades de equipamientos\" class=\"portfolio-entry-media-link\"><img loading=\"lazy\" class=\"portfolio-entry-img wpex-align-middle\" decoding=\"async\" src=\"https:\/\/activaprospect.cat\/wp-content\/uploads\/2018\/10\/analisi-balancs-300x211.jpg\" alt=\"estrategia territorial\" srcset=\"https:\/\/activaprospect.cat\/wp-content\/uploads\/2018\/10\/analisi-balancs-300x211.jpg 300w, https:\/\/activaprospect.cat\/wp-content\/uploads\/2018\/10\/analisi-balancs-768x539.jpg 768w, https:\/\/activaprospect.cat\/wp-content\/uploads\/2018\/10\/analisi-balancs.jpg 1000w\" width=\"300\" height=\"211\">\n<div class=\"overlay-title-excerpt-hover overlay-hide theme-overlay wpex-absolute wpex-inset-0 wpex-transition-all wpex-duration-300 wpex-overflow-hidden wpex-flex wpex-items-center wpex-justify-center wpex-text-center\">\n\t<div class=\"overlay-bg wpex-bg-black wpex-absolute wpex-inset-0 wpex-opacity-70\"><\/div>\n\t<div class=\"overlay-content overlay-scale wpex-relative wpex-text-white wpex-p-15 wpex-duration-300 wpex-transition-transform wpex-clr\">\n\t\t<div class=\"overlay-title wpex-text-lg\">An\u00e1lisis, balance y propuestas de las necesidades de equipamientos<\/div>\n\t\t<div class=\"overlay-excerpt wpex-opacity-80 wpex-italic wpex-mt-10 wpex-last-mb-0\"><p>Damos apoyo a los municipios en la planificaci\u00f3n de equipamientos, partiendo de un an\u00e1lisis y&hellip;<\/p><\/div>\t<\/div>\n<\/div><\/a><\/div><\/div><\/div><\/div><\/div>[\/vc_column][\/vc_row][vc_row][vc_column]<style>.vcex-heading.vcex_69d0336a382ab{color:#6cc4c4;}<\/style><h2 class=\"vcex-heading vcex-heading-plain vcex-module wpex-heading wpex-text-2xl vcex_69d0336a382ab\"><span class=\"vcex-heading-inner wpex-inline-block\">NOT\u00cdCIAS RELACIONADAS<\/span><\/h2><div class=\"vcex-spacing wpex-w-100 wpex-clear\"><\/div>[\/vc_column][\/vc_row]\n<\/div>","protected":false},"excerpt":{"rendered":"<p>[vc_row][vc_column][vc_column_text] A partir de un enfoque metodol\u00f3gico propio, se aborda el an\u00e1lisis de las necesidades de un territorio para una adecuada\u00a0planificaci\u00f3n urbana. En base a un diagn\u00f3stico y una formulaci\u00f3n propositiva, identificamos la trama de equipamientos y c\u00f3mo encaja con las necesidades de la poblaci\u00f3n residente actual y futura. Con este an\u00e1lisis, contrastamos la dotaci\u00f3n&hellip;<\/p>\n","protected":false},"author":1,"featured_media":0,"parent":608,"menu_order":0,"comment_status":"closed","ping_status":"closed","template":"","meta":{"footnotes":""},"class_list":["post-610","page","type-page","status-publish","hentry","entry","has-media"],"yoast_head":"<!-- This site is optimized with the Yoast SEO plugin v26.8 - https:\/\/yoast.com\/product\/yoast-seo-wordpress\/ -->\n<title>Barrios y Equipamientos: Planificaci\u00f3n urbana \u2013 Act\u00edva Prospect<\/title>\n<meta name=\"description\" content=\"Para una \u00f3ptima Planificaci\u00f3n urbana, en Act\u00edva Prospect empezamos realizando un diagn\u00f3stico y una formulaci\u00f3n propositiva. Inf\u00f3rmate de las soluciones aqu\u00ed\" \/>\n<meta name=\"robots\" content=\"index, follow, max-snippet:-1, max-image-preview:large, max-video-preview:-1\" \/>\n<link rel=\"canonical\" href=\"https:\/\/activaprospect.cat\/es\/ambitos\/planificacion-urbana-barrios-equipamientos\/\" \/>\n<meta property=\"og:locale\" content=\"es_ES\" \/>\n<meta property=\"og:type\" content=\"article\" \/>\n<meta property=\"og:title\" content=\"Barrios y Equipamientos: Planificaci\u00f3n urbana \u2013 Act\u00edva Prospect\" \/>\n<meta property=\"og:description\" content=\"Para una \u00f3ptima Planificaci\u00f3n urbana, en Act\u00edva Prospect empezamos realizando un diagn\u00f3stico y una formulaci\u00f3n propositiva. Inf\u00f3rmate de las soluciones aqu\u00ed\" \/>\n<meta property=\"og:url\" content=\"https:\/\/activaprospect.cat\/es\/ambitos\/planificacion-urbana-barrios-equipamientos\/\" \/>\n<meta property=\"og:site_name\" content=\"Act\u00edva Prospect\" \/>\n<meta property=\"article:modified_time\" content=\"2019-07-17T07:25:53+00:00\" \/>\n<meta name=\"twitter:card\" content=\"summary_large_image\" \/>\n<meta name=\"twitter:site\" content=\"@activaprospect\" \/>\n<meta name=\"twitter:label1\" content=\"Tiempo de lectura\" \/>\n\t<meta name=\"twitter:data1\" content=\"2 minutos\" \/>\n<script type=\"application\/ld+json\" class=\"yoast-schema-graph\">{\"@context\":\"https:\/\/schema.org\",\"@graph\":[{\"@type\":\"WebPage\",\"@id\":\"https:\/\/activaprospect.cat\/es\/ambitos\/planificacion-urbana-barrios-equipamientos\/\",\"url\":\"https:\/\/activaprospect.cat\/es\/ambitos\/planificacion-urbana-barrios-equipamientos\/\",\"name\":\"Barrios y Equipamientos: Planificaci\u00f3n urbana \u2013 Act\u00edva Prospect\",\"isPartOf\":{\"@id\":\"https:\/\/activaprospect.cat\/es\/#website\"},\"datePublished\":\"2018-08-31T10:31:48+00:00\",\"dateModified\":\"2019-07-17T07:25:53+00:00\",\"description\":\"Para una \u00f3ptima Planificaci\u00f3n urbana, en Act\u00edva Prospect empezamos realizando un diagn\u00f3stico y una formulaci\u00f3n propositiva. Inf\u00f3rmate de las soluciones aqu\u00ed\",\"breadcrumb\":{\"@id\":\"https:\/\/activaprospect.cat\/es\/ambitos\/planificacion-urbana-barrios-equipamientos\/#breadcrumb\"},\"inLanguage\":\"es\",\"potentialAction\":[{\"@type\":\"ReadAction\",\"target\":[\"https:\/\/activaprospect.cat\/es\/ambitos\/planificacion-urbana-barrios-equipamientos\/\"]}]},{\"@type\":\"BreadcrumbList\",\"@id\":\"https:\/\/activaprospect.cat\/es\/ambitos\/planificacion-urbana-barrios-equipamientos\/#breadcrumb\",\"itemListElement\":[{\"@type\":\"ListItem\",\"position\":1,\"name\":\"Inici\",\"item\":\"https:\/\/activaprospect.cat\/es\/\"},{\"@type\":\"ListItem\",\"position\":2,\"name\":\"\u00c1mbitos\",\"item\":\"https:\/\/activaprospect.cat\/es\/ambitos\/\"},{\"@type\":\"ListItem\",\"position\":3,\"name\":\"Barrios y equipamientos\"}]},{\"@type\":\"WebSite\",\"@id\":\"https:\/\/activaprospect.cat\/es\/#website\",\"url\":\"https:\/\/activaprospect.cat\/es\/\",\"name\":\"Act\u00edva Prospect\",\"description\":\"Serveis de recerca, consultoria i assist&egrave;ncia t&egrave;cnica per la implementaci&oacute; de pol&iacute;tiques i projectes en l&#039;&agrave;mbit econ&ograve;mic i social\",\"publisher\":{\"@id\":\"https:\/\/activaprospect.cat\/es\/#organization\"},\"potentialAction\":[{\"@type\":\"SearchAction\",\"target\":{\"@type\":\"EntryPoint\",\"urlTemplate\":\"https:\/\/activaprospect.cat\/es\/?s={search_term_string}\"},\"query-input\":{\"@type\":\"PropertyValueSpecification\",\"valueRequired\":true,\"valueName\":\"search_term_string\"}}],\"inLanguage\":\"es\"},{\"@type\":\"Organization\",\"@id\":\"https:\/\/activaprospect.cat\/es\/#organization\",\"name\":\"ACT\u00cdVA PROSPECT Research & Solutions, S.L.\",\"url\":\"https:\/\/activaprospect.cat\/es\/\",\"logo\":{\"@type\":\"ImageObject\",\"inLanguage\":\"es\",\"@id\":\"https:\/\/activaprospect.cat\/es\/#\/schema\/logo\/image\/\",\"url\":\"https:\/\/activaprospect.cat\/wp-content\/uploads\/2018\/01\/logo-activa.png\",\"contentUrl\":\"https:\/\/activaprospect.cat\/wp-content\/uploads\/2018\/01\/logo-activa.png\",\"width\":365,\"height\":130,\"caption\":\"ACT\u00cdVA PROSPECT Research & Solutions, S.L.\"},\"image\":{\"@id\":\"https:\/\/activaprospect.cat\/es\/#\/schema\/logo\/image\/\"},\"sameAs\":[\"https:\/\/x.com\/activaprospect\",\"https:\/\/www.linkedin.com\/company\/activa-prospect\"]}]}<\/script>\n<!-- \/ Yoast SEO plugin. -->","yoast_head_json":{"title":"Barrios y Equipamientos: Planificaci\u00f3n urbana \u2013 Act\u00edva Prospect","description":"Para una \u00f3ptima Planificaci\u00f3n urbana, en Act\u00edva Prospect empezamos realizando un diagn\u00f3stico y una formulaci\u00f3n propositiva. Inf\u00f3rmate de las soluciones aqu\u00ed","robots":{"index":"index","follow":"follow","max-snippet":"max-snippet:-1","max-image-preview":"max-image-preview:large","max-video-preview":"max-video-preview:-1"},"canonical":"https:\/\/activaprospect.cat\/es\/ambitos\/planificacion-urbana-barrios-equipamientos\/","og_locale":"es_ES","og_type":"article","og_title":"Barrios y Equipamientos: Planificaci\u00f3n urbana \u2013 Act\u00edva Prospect","og_description":"Para una \u00f3ptima Planificaci\u00f3n urbana, en Act\u00edva Prospect empezamos realizando un diagn\u00f3stico y una formulaci\u00f3n propositiva. Inf\u00f3rmate de las soluciones aqu\u00ed","og_url":"https:\/\/activaprospect.cat\/es\/ambitos\/planificacion-urbana-barrios-equipamientos\/","og_site_name":"Act\u00edva Prospect","article_modified_time":"2019-07-17T07:25:53+00:00","twitter_card":"summary_large_image","twitter_site":"@activaprospect","twitter_misc":{"Tiempo de lectura":"2 minutos"},"schema":{"@context":"https:\/\/schema.org","@graph":[{"@type":"WebPage","@id":"https:\/\/activaprospect.cat\/es\/ambitos\/planificacion-urbana-barrios-equipamientos\/","url":"https:\/\/activaprospect.cat\/es\/ambitos\/planificacion-urbana-barrios-equipamientos\/","name":"Barrios y Equipamientos: Planificaci\u00f3n urbana \u2013 Act\u00edva Prospect","isPartOf":{"@id":"https:\/\/activaprospect.cat\/es\/#website"},"datePublished":"2018-08-31T10:31:48+00:00","dateModified":"2019-07-17T07:25:53+00:00","description":"Para una \u00f3ptima Planificaci\u00f3n urbana, en Act\u00edva Prospect empezamos realizando un diagn\u00f3stico y una formulaci\u00f3n propositiva. Inf\u00f3rmate de las soluciones aqu\u00ed","breadcrumb":{"@id":"https:\/\/activaprospect.cat\/es\/ambitos\/planificacion-urbana-barrios-equipamientos\/#breadcrumb"},"inLanguage":"es","potentialAction":[{"@type":"ReadAction","target":["https:\/\/activaprospect.cat\/es\/ambitos\/planificacion-urbana-barrios-equipamientos\/"]}]},{"@type":"BreadcrumbList","@id":"https:\/\/activaprospect.cat\/es\/ambitos\/planificacion-urbana-barrios-equipamientos\/#breadcrumb","itemListElement":[{"@type":"ListItem","position":1,"name":"Inici","item":"https:\/\/activaprospect.cat\/es\/"},{"@type":"ListItem","position":2,"name":"\u00c1mbitos","item":"https:\/\/activaprospect.cat\/es\/ambitos\/"},{"@type":"ListItem","position":3,"name":"Barrios y equipamientos"}]},{"@type":"WebSite","@id":"https:\/\/activaprospect.cat\/es\/#website","url":"https:\/\/activaprospect.cat\/es\/","name":"Act\u00edva Prospect","description":"Serveis de recerca, consultoria i assist&egrave;ncia t&egrave;cnica per la implementaci&oacute; de pol&iacute;tiques i projectes en l&#039;&agrave;mbit econ&ograve;mic i social","publisher":{"@id":"https:\/\/activaprospect.cat\/es\/#organization"},"potentialAction":[{"@type":"SearchAction","target":{"@type":"EntryPoint","urlTemplate":"https:\/\/activaprospect.cat\/es\/?s={search_term_string}"},"query-input":{"@type":"PropertyValueSpecification","valueRequired":true,"valueName":"search_term_string"}}],"inLanguage":"es"},{"@type":"Organization","@id":"https:\/\/activaprospect.cat\/es\/#organization","name":"ACT\u00cdVA PROSPECT Research & Solutions, S.L.","url":"https:\/\/activaprospect.cat\/es\/","logo":{"@type":"ImageObject","inLanguage":"es","@id":"https:\/\/activaprospect.cat\/es\/#\/schema\/logo\/image\/","url":"https:\/\/activaprospect.cat\/wp-content\/uploads\/2018\/01\/logo-activa.png","contentUrl":"https:\/\/activaprospect.cat\/wp-content\/uploads\/2018\/01\/logo-activa.png","width":365,"height":130,"caption":"ACT\u00cdVA PROSPECT Research & Solutions, S.L."},"image":{"@id":"https:\/\/activaprospect.cat\/es\/#\/schema\/logo\/image\/"},"sameAs":["https:\/\/x.com\/activaprospect","https:\/\/www.linkedin.com\/company\/activa-prospect"]}]}},"_links":{"self":[{"href":"https:\/\/activaprospect.cat\/es\/wp-json\/wp\/v2\/pages\/610","targetHints":{"allow":["GET"]}}],"collection":[{"href":"https:\/\/activaprospect.cat\/es\/wp-json\/wp\/v2\/pages"}],"about":[{"href":"https:\/\/activaprospect.cat\/es\/wp-json\/wp\/v2\/types\/page"}],"author":[{"embeddable":true,"href":"https:\/\/activaprospect.cat\/es\/wp-json\/wp\/v2\/users\/1"}],"replies":[{"embeddable":true,"href":"https:\/\/activaprospect.cat\/es\/wp-json\/wp\/v2\/comments?post=610"}],"version-history":[{"count":0,"href":"https:\/\/activaprospect.cat\/es\/wp-json\/wp\/v2\/pages\/610\/revisions"}],"up":[{"embeddable":true,"href":"https:\/\/activaprospect.cat\/es\/wp-json\/wp\/v2\/pages\/608"}],"wp:attachment":[{"href":"https:\/\/activaprospect.cat\/es\/wp-json\/wp\/v2\/media?parent=610"}],"curies":[{"name":"wp","href":"https:\/\/api.w.org\/{rel}","templated":true}]}}