{"id":615,"date":"2018-08-31T10:33:36","date_gmt":"2018-08-31T10:33:36","guid":{"rendered":"http:\/\/mmktpro.com\/activaprospect\/?page_id=615"},"modified":"2019-07-17T07:27:10","modified_gmt":"2019-07-17T07:27:10","slug":"trabajo-ocupacion-insercion-sociolaboral","status":"publish","type":"page","link":"https:\/\/activaprospect.cat\/es\/ambitos\/trabajo-ocupacion-insercion-sociolaboral\/","title":{"rendered":"Trabajo y ocupaci\u00f3n"},"content":{"rendered":"<div class=\"wpb-content-wrapper\">[vc_row][vc_column][vc_column_text]\n<p style=\"text-align: justify;\">Ha sido desde el inicio uno de nuestros ejes principales de actuaci\u00f3n, poniendo el acento en medidas para la <strong>reducci\u00f3n de las desigualdades en el acceso al mercado laboral,<\/strong> especialmente para las personas con dificultades de inserci\u00f3n sociolaboral.<\/p>\n<p style=\"text-align: justify;\">Trabajamos desde una perspectiva singular y no homogeneizadora, mediante el <strong>an\u00e1lisis de los factores personales, sociales y econ\u00f3micos,<\/strong> que nos permite comprender las diferentes situaciones que favorecen o dificultan la ocupabilidad de las personas en desempleo o en situaci\u00f3n de inactividad. Esta aproximaci\u00f3n permite asesorar y dise\u00f1ar itinerarios a medida de forma alineada con sus necesidades y expectativas. En este sentido, hemos elaborado instrumentos de apoyo para el diagn\u00f3stico individual y para la elaboraci\u00f3n de itinerarios personalizados de mejora de la ocupabilidad.<\/p>\n<p style=\"text-align: justify;\"><span style=\"font-size: 15pt;\"><span style=\"color: #00738e;\"><strong>Damos soluciones mediante:<\/strong><\/span><\/span><\/p>\n<ul>\n<li style=\"text-align: justify;\"><strong>An\u00e1lisis de mercados de trabajo: <\/strong>estudio sobre el mercado de trabajo de un territorio, el dise\u00f1o y la evaluaci\u00f3n de pol\u00edticas activas de empleo, planes directores de servicios de ocupaci\u00f3n, etc.<\/li>\n<li style=\"text-align: justify;\"><strong>Identificaci\u00f3n de nece<\/strong><strong>sidades en perfiles profesionales: <\/strong>vacantes, cualificaci\u00f3n requerida.<\/li>\n<li style=\"text-align: justify;\"><strong>Promoci\u00f3n y dinamizaci\u00f3n de la ocupaci\u00f3n en sectores emergentes<\/strong>: planes estrat\u00e9gicos por sectores empresariales o municipios.<\/li>\n<li style=\"text-align: justify;\"><strong>Asesoramiento para la integraci\u00f3n sociolaboral: <\/strong>de persones con discapacidad y diversidad funcional, de persones inmigradas, de personas en situaci\u00f3n y\/o riesgo de exclusi\u00f3n social.<\/li>\n<li style=\"text-align: justify;\"><strong>Asesoramiento y elaboraci\u00f3n de pol\u00edticas para la igualdad de oportunidades: <\/strong>tanto para entes locales como para empresas para generar pol\u00edticas de inserci\u00f3n sociolaboral inclusivas; acompa\u00f1amiento con herramientas de apoyo en la transici\u00f3n escuela-trabajo.<\/li>\n<li style=\"text-align: justify;\"><strong>Gesti\u00f3n en la adaptaci\u00f3n del trabajo:<\/strong> soporte en intermediaci\u00f3n laboral, dise\u00f1o de herramientas de gesti\u00f3n de apoyo a la integraci\u00f3n social, contrataciones para facilitar la inclusi\u00f3n sociolaboral.<\/li>\n<li style=\"text-align: justify;\"><strong>Estrategia modular para la mejora de la ocupabilidad: <\/strong>de personas en situaci\u00f3n de desempleo o de inactividad, mediante el dise\u00f1o de itinerarios de orientaci\u00f3n, motivaci\u00f3n, formaci\u00f3n y pr\u00e1cticas laborales, as\u00ed como realizando el seguimiento posterior y\/o inserci\u00f3n.<\/li>\n<\/ul>\n[\/vc_column_text][\/vc_column][\/vc_row][vc_row][vc_column]<style>.vcex-heading.vcex_69e10a6c953e4{color:#6cc4c4;}<\/style><h2 class=\"vcex-heading vcex-heading-plain vcex-module wpex-heading wpex-text-2xl vcex_69e10a6c953e4\"><span class=\"vcex-heading-inner wpex-inline-block\">PROYECTOS SIMILARES<\/span><\/h2>[\/vc_column][\/vc_row][vc_row full_width=\u00bbstretch_row_content\u00bb][vc_column]<div class=\"vcex-module vcex-portfolio-grid-wrap wpex-clr\"><div class=\"wpex-row vcex-portfolio-grid wpex-clr entries gap-10 match-height-grid\"><div class=\"portfolio-entry vcex-grid-item span_1_of_6 col col-1 entry post-759 type-portfolio has-media serveis-portfolio-60 serveis-portfolio-64 tag-78 tag-122 tag-123 tag-119 tag-124 tag-121 cat-50 cat-58\"><div class=\"portfolio-entry-inner entry-inner wpex-first-mt-0 wpex-last-mb-0 wpex-clr\"><div class=\"portfolio-entry-media entry-media wpex-relative wpex-image-hover opacity overlay-parent overlay-parent-title-excerpt-hover overlay-h wpex-overflow-hidden overlay-ms\"><a href=\"https:\/\/activaprospect.cat\/es\/portfolio-item\/planes-estrategicos-de-desarrollo-economico-y-ocupacion\/\" title=\"Planes estrat\u00e9gicos de desarrollo econ\u00f3mico y ocupaci\u00f3n\" class=\"portfolio-entry-media-link\"><img loading=\"lazy\" class=\"portfolio-entry-img wpex-align-middle\" decoding=\"async\" src=\"https:\/\/activaprospect.cat\/wp-content\/uploads\/2018\/10\/laBisbal-1-300x300.jpg\" alt=\"\" srcset=\"https:\/\/activaprospect.cat\/wp-content\/uploads\/2018\/10\/laBisbal-1-300x300.jpg 300w, https:\/\/activaprospect.cat\/wp-content\/uploads\/2018\/10\/laBisbal-1-150x150.jpg 150w, https:\/\/activaprospect.cat\/wp-content\/uploads\/2018\/10\/laBisbal-1-768x768.jpg 768w, https:\/\/activaprospect.cat\/wp-content\/uploads\/2018\/10\/laBisbal-1.jpg 1000w\" width=\"300\" height=\"300\">\n<div class=\"overlay-title-excerpt-hover overlay-hide theme-overlay wpex-absolute wpex-inset-0 wpex-transition-all wpex-duration-300 wpex-overflow-hidden wpex-flex wpex-items-center wpex-justify-center wpex-text-center\">\n\t<div class=\"overlay-bg wpex-bg-black wpex-absolute wpex-inset-0 wpex-opacity-70\"><\/div>\n\t<div class=\"overlay-content overlay-scale wpex-relative wpex-text-white wpex-p-15 wpex-duration-300 wpex-transition-transform wpex-clr\">\n\t\t<div class=\"overlay-title wpex-text-lg\">Planes estrat\u00e9gicos de desarrollo econ\u00f3mico y ocupaci\u00f3n<\/div>\n\t\t<div class=\"overlay-excerpt wpex-opacity-80 wpex-italic wpex-mt-10 wpex-last-mb-0\"><p>Definir un plan estrat\u00e9gico de desarrollo local permite enmarcar estrategias, acciones y un calendario para&hellip;<\/p><\/div>\t<\/div>\n<\/div><\/a><\/div><\/div><\/div><\/div><\/div>[\/vc_column][\/vc_row][vc_row][vc_column]<style>.vcex-heading.vcex_69e10a6c9bb5b{color:#6cc4c4;}<\/style><h2 class=\"vcex-heading vcex-heading-plain vcex-module wpex-heading wpex-text-2xl vcex_69e10a6c9bb5b\"><span class=\"vcex-heading-inner wpex-inline-block\">NOT\u00cdCIAS RELACIONADAS<\/span><\/h2><div class=\"vcex-spacing wpex-w-100 wpex-clear\"><\/div><style>.vcex-blog-grid-wrap.vcex_69e10a6c9c8d0 .entry-title{font-size:20px;margin-block-start:0px;margin-block-end:15px;font-weight:600;text-transform:uppercase;}<\/style><div class=\"vcex-module vcex-blog-grid-wrap wpex-clr vcex_69e10a6c9c8d0\"><div class=\"wpex-row vcex-blog-grid wpex-clr entries left-thumbs\"><div class=\"vcex-blog-entry vcex-grid-item entry-has-details span_1_of_1 col-1 col entry post-2163 type-post has-media cat-148 post_tag-264 post_tag-266 post_tag-265 post_tag-267 serveis-52 serveis-262\"><div class=\"vcex-blog-entry-inner entry-inner wpex-first-mt-0 wpex-last-mb-0 wpex-md-flex wpex-md-flex-wrap wpex-md-justify-between\"><div class=\"vcex-blog-entry-media entry-media wpex-relative wpex-mb-20 wpex-md-mb-0\"><a href=\"https:\/\/activaprospect.cat\/es\/2020\/04\/30\/analisi-de-limpacte-economic-de-la-covid-19-al-garraf\/\" title=\"An\u00e1lisis del impacto econ\u00f3mico de la Covid-19 en el Garraf\"><img loading=\"lazy\" class=\"vcex-blog-entry-img wpex-align-middle\" decoding=\"async\" src=\"https:\/\/activaprospect.cat\/wp-content\/uploads\/2020\/04\/impacte-covid-19-al-garraf-100x100.jpg\" alt=\"\" srcset=\"https:\/\/activaprospect.cat\/wp-content\/uploads\/2020\/04\/impacte-covid-19-al-garraf-100x100.jpg 100w, https:\/\/activaprospect.cat\/wp-content\/uploads\/2020\/04\/impacte-covid-19-al-garraf-300x300.jpg 300w, https:\/\/activaprospect.cat\/wp-content\/uploads\/2020\/04\/impacte-covid-19-al-garraf-150x150.jpg 150w, https:\/\/activaprospect.cat\/wp-content\/uploads\/2020\/04\/impacte-covid-19-al-garraf.jpg 533w\" width=\"100\" height=\"100\"><\/a><\/div><div class=\"vcex-blog-entry-details entry-details wpex-first-mt-0 wpex-last-mb-0 wpex-clr\"><h2 class=\"vcex-blog-entry-title entry-title wpex-text-2xl wpex-mb-5\"><a href=\"https:\/\/activaprospect.cat\/es\/2020\/04\/30\/analisi-de-limpacte-economic-de-la-covid-19-al-garraf\/\">An\u00e1lisis del impacto econ\u00f3mico de la Covid-19 en el Garraf<\/a><\/h2><div class=\"vcex-blog-entry-excerpt entry-excerpt wpex-my-15 wpex-text-pretty wpex-last-mb-0 wpex-clr\"><p>Desde Activa Prospect hemos realizado un an\u00e1lisis del&hellip;<\/p><\/div><\/div><\/div><\/div><\/div><\/div>[\/vc_column][\/vc_row]\n<\/div>","protected":false},"excerpt":{"rendered":"<p>[vc_row][vc_column][vc_column_text] Ha sido desde el inicio uno de nuestros ejes principales de actuaci\u00f3n, poniendo el acento en medidas para la reducci\u00f3n de las desigualdades en el acceso al mercado laboral, especialmente para las personas con dificultades de inserci\u00f3n sociolaboral. Trabajamos desde una perspectiva singular y no homogeneizadora, mediante el an\u00e1lisis de los factores personales, sociales&hellip;<\/p>\n","protected":false},"author":1,"featured_media":0,"parent":608,"menu_order":0,"comment_status":"closed","ping_status":"closed","template":"","meta":{"footnotes":""},"class_list":["post-615","page","type-page","status-publish","hentry","entry","has-media"],"yoast_head":"<!-- This site is optimized with the Yoast SEO plugin v26.8 - https:\/\/yoast.com\/product\/yoast-seo-wordpress\/ -->\n<title>Trabajo y Ocupaci\u00f3n: Inserci\u00f3n sociolaboral y Empleo \u2013 Act\u00edva Prospect<\/title>\n<meta name=\"description\" content=\"En Act\u00edva Prospect elaboramos proyectos dirigidos a la inserci\u00f3n sociolaboral \u00f3ptima mediante an\u00e1lisis y evaluaciones activas de empleo y situaciones.\" \/>\n<meta name=\"robots\" content=\"index, follow, max-snippet:-1, max-image-preview:large, max-video-preview:-1\" \/>\n<link rel=\"canonical\" href=\"https:\/\/activaprospect.cat\/es\/ambitos\/trabajo-ocupacion-insercion-sociolaboral\/\" \/>\n<meta property=\"og:locale\" content=\"es_ES\" \/>\n<meta property=\"og:type\" content=\"article\" \/>\n<meta property=\"og:title\" content=\"Trabajo y Ocupaci\u00f3n: Inserci\u00f3n sociolaboral y Empleo \u2013 Act\u00edva Prospect\" \/>\n<meta property=\"og:description\" content=\"En Act\u00edva Prospect elaboramos proyectos dirigidos a la inserci\u00f3n sociolaboral \u00f3ptima mediante an\u00e1lisis y evaluaciones activas de empleo y situaciones.\" \/>\n<meta property=\"og:url\" content=\"https:\/\/activaprospect.cat\/es\/ambitos\/trabajo-ocupacion-insercion-sociolaboral\/\" \/>\n<meta property=\"og:site_name\" content=\"Act\u00edva Prospect\" \/>\n<meta property=\"article:modified_time\" content=\"2019-07-17T07:27:10+00:00\" \/>\n<meta name=\"twitter:card\" content=\"summary_large_image\" \/>\n<meta name=\"twitter:site\" content=\"@activaprospect\" \/>\n<meta name=\"twitter:label1\" content=\"Tiempo de lectura\" \/>\n\t<meta name=\"twitter:data1\" content=\"2 minutos\" \/>\n<script type=\"application\/ld+json\" class=\"yoast-schema-graph\">{\"@context\":\"https:\/\/schema.org\",\"@graph\":[{\"@type\":\"WebPage\",\"@id\":\"https:\/\/activaprospect.cat\/es\/ambitos\/trabajo-ocupacion-insercion-sociolaboral\/\",\"url\":\"https:\/\/activaprospect.cat\/es\/ambitos\/trabajo-ocupacion-insercion-sociolaboral\/\",\"name\":\"Trabajo y Ocupaci\u00f3n: Inserci\u00f3n sociolaboral y Empleo \u2013 Act\u00edva Prospect\",\"isPartOf\":{\"@id\":\"https:\/\/activaprospect.cat\/es\/#website\"},\"datePublished\":\"2018-08-31T10:33:36+00:00\",\"dateModified\":\"2019-07-17T07:27:10+00:00\",\"description\":\"En Act\u00edva Prospect elaboramos proyectos dirigidos a la inserci\u00f3n sociolaboral \u00f3ptima mediante an\u00e1lisis y evaluaciones activas de empleo y situaciones.\",\"breadcrumb\":{\"@id\":\"https:\/\/activaprospect.cat\/es\/ambitos\/trabajo-ocupacion-insercion-sociolaboral\/#breadcrumb\"},\"inLanguage\":\"es\",\"potentialAction\":[{\"@type\":\"ReadAction\",\"target\":[\"https:\/\/activaprospect.cat\/es\/ambitos\/trabajo-ocupacion-insercion-sociolaboral\/\"]}]},{\"@type\":\"BreadcrumbList\",\"@id\":\"https:\/\/activaprospect.cat\/es\/ambitos\/trabajo-ocupacion-insercion-sociolaboral\/#breadcrumb\",\"itemListElement\":[{\"@type\":\"ListItem\",\"position\":1,\"name\":\"Inici\",\"item\":\"https:\/\/activaprospect.cat\/es\/\"},{\"@type\":\"ListItem\",\"position\":2,\"name\":\"\u00c1mbitos\",\"item\":\"https:\/\/activaprospect.cat\/es\/ambitos\/\"},{\"@type\":\"ListItem\",\"position\":3,\"name\":\"Trabajo y ocupaci\u00f3n\"}]},{\"@type\":\"WebSite\",\"@id\":\"https:\/\/activaprospect.cat\/es\/#website\",\"url\":\"https:\/\/activaprospect.cat\/es\/\",\"name\":\"Act\u00edva Prospect\",\"description\":\"Serveis de recerca, consultoria i assist&egrave;ncia t&egrave;cnica per la implementaci&oacute; de pol&iacute;tiques i projectes en l&#039;&agrave;mbit econ&ograve;mic i social\",\"publisher\":{\"@id\":\"https:\/\/activaprospect.cat\/es\/#organization\"},\"potentialAction\":[{\"@type\":\"SearchAction\",\"target\":{\"@type\":\"EntryPoint\",\"urlTemplate\":\"https:\/\/activaprospect.cat\/es\/?s={search_term_string}\"},\"query-input\":{\"@type\":\"PropertyValueSpecification\",\"valueRequired\":true,\"valueName\":\"search_term_string\"}}],\"inLanguage\":\"es\"},{\"@type\":\"Organization\",\"@id\":\"https:\/\/activaprospect.cat\/es\/#organization\",\"name\":\"ACT\u00cdVA PROSPECT Research & Solutions, S.L.\",\"url\":\"https:\/\/activaprospect.cat\/es\/\",\"logo\":{\"@type\":\"ImageObject\",\"inLanguage\":\"es\",\"@id\":\"https:\/\/activaprospect.cat\/es\/#\/schema\/logo\/image\/\",\"url\":\"https:\/\/activaprospect.cat\/wp-content\/uploads\/2018\/01\/logo-activa.png\",\"contentUrl\":\"https:\/\/activaprospect.cat\/wp-content\/uploads\/2018\/01\/logo-activa.png\",\"width\":365,\"height\":130,\"caption\":\"ACT\u00cdVA PROSPECT Research & Solutions, S.L.\"},\"image\":{\"@id\":\"https:\/\/activaprospect.cat\/es\/#\/schema\/logo\/image\/\"},\"sameAs\":[\"https:\/\/x.com\/activaprospect\",\"https:\/\/www.linkedin.com\/company\/activa-prospect\"]}]}<\/script>\n<!-- \/ Yoast SEO plugin. -->","yoast_head_json":{"title":"Trabajo y Ocupaci\u00f3n: Inserci\u00f3n sociolaboral y Empleo \u2013 Act\u00edva Prospect","description":"En Act\u00edva Prospect elaboramos proyectos dirigidos a la inserci\u00f3n sociolaboral \u00f3ptima mediante an\u00e1lisis y evaluaciones activas de empleo y situaciones.","robots":{"index":"index","follow":"follow","max-snippet":"max-snippet:-1","max-image-preview":"max-image-preview:large","max-video-preview":"max-video-preview:-1"},"canonical":"https:\/\/activaprospect.cat\/es\/ambitos\/trabajo-ocupacion-insercion-sociolaboral\/","og_locale":"es_ES","og_type":"article","og_title":"Trabajo y Ocupaci\u00f3n: Inserci\u00f3n sociolaboral y Empleo \u2013 Act\u00edva Prospect","og_description":"En Act\u00edva Prospect elaboramos proyectos dirigidos a la inserci\u00f3n sociolaboral \u00f3ptima mediante an\u00e1lisis y evaluaciones activas de empleo y situaciones.","og_url":"https:\/\/activaprospect.cat\/es\/ambitos\/trabajo-ocupacion-insercion-sociolaboral\/","og_site_name":"Act\u00edva Prospect","article_modified_time":"2019-07-17T07:27:10+00:00","twitter_card":"summary_large_image","twitter_site":"@activaprospect","twitter_misc":{"Tiempo de lectura":"2 minutos"},"schema":{"@context":"https:\/\/schema.org","@graph":[{"@type":"WebPage","@id":"https:\/\/activaprospect.cat\/es\/ambitos\/trabajo-ocupacion-insercion-sociolaboral\/","url":"https:\/\/activaprospect.cat\/es\/ambitos\/trabajo-ocupacion-insercion-sociolaboral\/","name":"Trabajo y Ocupaci\u00f3n: Inserci\u00f3n sociolaboral y Empleo \u2013 Act\u00edva Prospect","isPartOf":{"@id":"https:\/\/activaprospect.cat\/es\/#website"},"datePublished":"2018-08-31T10:33:36+00:00","dateModified":"2019-07-17T07:27:10+00:00","description":"En Act\u00edva Prospect elaboramos proyectos dirigidos a la inserci\u00f3n sociolaboral \u00f3ptima mediante an\u00e1lisis y evaluaciones activas de empleo y situaciones.","breadcrumb":{"@id":"https:\/\/activaprospect.cat\/es\/ambitos\/trabajo-ocupacion-insercion-sociolaboral\/#breadcrumb"},"inLanguage":"es","potentialAction":[{"@type":"ReadAction","target":["https:\/\/activaprospect.cat\/es\/ambitos\/trabajo-ocupacion-insercion-sociolaboral\/"]}]},{"@type":"BreadcrumbList","@id":"https:\/\/activaprospect.cat\/es\/ambitos\/trabajo-ocupacion-insercion-sociolaboral\/#breadcrumb","itemListElement":[{"@type":"ListItem","position":1,"name":"Inici","item":"https:\/\/activaprospect.cat\/es\/"},{"@type":"ListItem","position":2,"name":"\u00c1mbitos","item":"https:\/\/activaprospect.cat\/es\/ambitos\/"},{"@type":"ListItem","position":3,"name":"Trabajo y ocupaci\u00f3n"}]},{"@type":"WebSite","@id":"https:\/\/activaprospect.cat\/es\/#website","url":"https:\/\/activaprospect.cat\/es\/","name":"Act\u00edva Prospect","description":"Serveis de recerca, consultoria i assist&egrave;ncia t&egrave;cnica per la implementaci&oacute; de pol&iacute;tiques i projectes en l&#039;&agrave;mbit econ&ograve;mic i social","publisher":{"@id":"https:\/\/activaprospect.cat\/es\/#organization"},"potentialAction":[{"@type":"SearchAction","target":{"@type":"EntryPoint","urlTemplate":"https:\/\/activaprospect.cat\/es\/?s={search_term_string}"},"query-input":{"@type":"PropertyValueSpecification","valueRequired":true,"valueName":"search_term_string"}}],"inLanguage":"es"},{"@type":"Organization","@id":"https:\/\/activaprospect.cat\/es\/#organization","name":"ACT\u00cdVA PROSPECT Research & Solutions, S.L.","url":"https:\/\/activaprospect.cat\/es\/","logo":{"@type":"ImageObject","inLanguage":"es","@id":"https:\/\/activaprospect.cat\/es\/#\/schema\/logo\/image\/","url":"https:\/\/activaprospect.cat\/wp-content\/uploads\/2018\/01\/logo-activa.png","contentUrl":"https:\/\/activaprospect.cat\/wp-content\/uploads\/2018\/01\/logo-activa.png","width":365,"height":130,"caption":"ACT\u00cdVA PROSPECT Research & Solutions, S.L."},"image":{"@id":"https:\/\/activaprospect.cat\/es\/#\/schema\/logo\/image\/"},"sameAs":["https:\/\/x.com\/activaprospect","https:\/\/www.linkedin.com\/company\/activa-prospect"]}]}},"_links":{"self":[{"href":"https:\/\/activaprospect.cat\/es\/wp-json\/wp\/v2\/pages\/615","targetHints":{"allow":["GET"]}}],"collection":[{"href":"https:\/\/activaprospect.cat\/es\/wp-json\/wp\/v2\/pages"}],"about":[{"href":"https:\/\/activaprospect.cat\/es\/wp-json\/wp\/v2\/types\/page"}],"author":[{"embeddable":true,"href":"https:\/\/activaprospect.cat\/es\/wp-json\/wp\/v2\/users\/1"}],"replies":[{"embeddable":true,"href":"https:\/\/activaprospect.cat\/es\/wp-json\/wp\/v2\/comments?post=615"}],"version-history":[{"count":0,"href":"https:\/\/activaprospect.cat\/es\/wp-json\/wp\/v2\/pages\/615\/revisions"}],"up":[{"embeddable":true,"href":"https:\/\/activaprospect.cat\/es\/wp-json\/wp\/v2\/pages\/608"}],"wp:attachment":[{"href":"https:\/\/activaprospect.cat\/es\/wp-json\/wp\/v2\/media?parent=615"}],"curies":[{"name":"wp","href":"https:\/\/api.w.org\/{rel}","templated":true}]}}