{"id":708,"date":"2018-09-28T08:42:28","date_gmt":"2018-09-28T08:42:28","guid":{"rendered":"http:\/\/mmktpro.com\/activaprospect\/?page_id=708"},"modified":"2019-07-10T10:10:52","modified_gmt":"2019-07-10T10:10:52","slug":"politica-de-privacidad-redes-sociales","status":"publish","type":"page","link":"https:\/\/activaprospect.cat\/es\/politica-de-privacidad-redes-sociales\/","title":{"rendered":"Pol\u00edtica de Privacidad Redes Sociales"},"content":{"rendered":"<h3>1. Introducci\u00f3n<\/h3>\n<p>En cumplimiento de a lo establecido por el Reglamento (UE) 2016\/679 del Parlamento Europeo y del Consejo, de 27 de abril de 2016, relativo a la protecci\u00f3n de las personas f\u00edsicas en lo que respecta al tratamiento de datos personales y a la libre circulaci\u00f3n de estos datos y por el que se deroga la Directiva 95\/46\/CE y la Ley 34\/2002, de 11 de julio, de Servicios de la Sociedad de la Informaci\u00f3n y de Comercio Electr\u00f3nico (LSSI-CE), ACT\u00cdVA PROSPECT Research &amp; Solutions, S.L. (en adelante ACT\u00cdVA PROSPECT), informa a los Usuarios, que ha procedido a crear una p\u00e1gina en las Redes Sociales Twitter, Slideshare, Linkedin, Google +, You Tube y Facebook con la finalidad principal de publicitar sus productos y servicios.<\/p>\n<p style=\"padding-left: 30px;\">ACT\u00cdVA PROSPECT Research &amp; Solutions, S.L.<br \/>\nB62799069<br \/>\nCentre d\u2019Empreses de Noves Tecnologies del Parc Tecnol\u00f2gic del Vall\u00e8s Cerdanyola del Vall\u00e8s, 08290 Barcelona<br \/>\nactivaprospect@activaprospect.cat<br \/>\nwww.activaprospect.cat<\/p>\n<p>El Usuario dispone de un perfil en la misma Red Social y ha decidido unirse a la p\u00e1gina creada por ACT\u00cdVA PROSPECT, mostrando as\u00ed inter\u00e9s en la informaci\u00f3n que se publicite en la Red. Al unirse a nuestra p\u00e1gina, nos facilita su consentimiento para el tratamiento de aquellos datos personales publicados en su perfil. El Usuario puede acceder en todo momento a las Pol\u00edticas de Privacidad de la propia Red Social, as\u00ed como configurar su perfil para garantizar su privacidad. ACT\u00cdVA PROSPECT tiene acceso y trata aquella informaci\u00f3n p\u00fablica del Usuario, en especial, su nombre de contacto. Estos datos, s\u00f3lo son utilizados dentro de la propia Red Social. No son incorporados a ning\u00fan fichero. En relaci\u00f3n a los derechos de acceso, rectificaci\u00f3n, limitaci\u00f3n de tratamiento, supresi\u00f3n, portabilidad y oposici\u00f3n al tratamiento de sus datos de car\u00e1cter personal, as\u00ed como a la retirada del consentimiento prestado para el tratamiento de los mismos, de los que el Usuario dispone y que pueden ser ejercitados ante ACT\u00cdVA PROSPECT, de acuerdo con la LOPD, debe tener en cuenta los siguientes matices:<\/p>\n<ul>\n<li>Acceso: Vendr\u00e1 definido por la funcionalidad de la Red Social y la capacidad de acceso a la informaci\u00f3n de los perfiles de los Usuarios.<\/li>\n<li>Rectificaci\u00f3n: S\u00f3lo podr\u00e1 satisfacerse en relaci\u00f3n a aquella informaci\u00f3n que se encuentre bajo el control de ACT\u00cdVA PROSPECT, por ejemplo, eliminar comentarios publicados en la propia p\u00e1gina. Normalmente, este derecho deber\u00e1 ejercerlo ante la Red Social.<\/li>\n<li>Cancelaci\u00f3n y\/o Oposici\u00f3n: Como en el caso anterior, s\u00f3lo podr\u00e1 satisfacerse en relaci\u00f3n a aquella informaci\u00f3n que se encuentre bajo el control de ACT\u00cdVA PROSPECT, por ejemplo, dejar de estar unido al perfil.<\/li>\n<li>Limitaci\u00f3n: Como en el caso anterior vendr\u00e1 definido por la funcionalidad de la Red Social y la capacidad de acceso a la informaci\u00f3n de los perfiles de los usuarios.<\/li>\n<li>Portabilidad: Como en el caso anterior, s\u00f3lo podr\u00e1 satisfacerse en relaci\u00f3n a aquella informaci\u00f3n que se encuentre bajo el control de ACT\u00cdVA PROSPECT, por ejemplo, dejar de estar unido al perfil.<\/li>\n<\/ul>\n<p>ACT\u00cdVA PROSPECT realizar\u00e1 las siguientes actuaciones:<\/p>\n<ul>\n<li>Acceso a la informaci\u00f3n p\u00fablica del perfil.<\/li>\n<li>Publicaci\u00f3n en el perfil del Usuario de toda aquella informaci\u00f3n ya publicada en la p\u00e1gina de ACT\u00cdVA PROSPECT.<\/li>\n<li>Enviar mensajes personales e individuales a trav\u00e9s de los canales de la Red Social.<\/li>\n<li>Actualizaciones del estado de la p\u00e1gina que se publicar\u00e1n en el perfil del Usuario.<\/li>\n<\/ul>\n<p>El Usuario siempre puede controlar sus conexiones, eliminar los contenidos que dejen de interesarle y restringir con qui\u00e9n comparte sus conexiones, para ello deber\u00e1 acceder a su configuraci\u00f3n de privacidad.<\/p>\n<h3>2. Publicaciones<\/h3>\n<p>El Usuario, una vez unido a la p\u00e1gina de ACT\u00cdVA PROSPECT, podr\u00e1 publicar en \u00e9sta \u00faltima comentarios, enlaces, im\u00e1genes o fotograf\u00edas o cualquier otro tipo de contenido multimedia soportado por la Red Social. El Usuario, en todos los casos, debe ser el titular de los mismos, gozar de los derechos de autor y de propiedad intelectual o contar con el consentimiento de los terceros afectados. Se proh\u00edbe expresamente cualquier publicaci\u00f3n en la p\u00e1gina, ya sean textos, gr\u00e1ficos, fotograf\u00edas, v\u00eddeos, etc. que atenten o sean susceptibles de atentar contra la moral, la \u00e9tica, el buen gusto o el decoro, ni que infrinjan, violen o conculquen los derechos de propiedad intelectual o industrial, el derecho a la imagen o la Ley. En estos casos, ACT\u00cdVA PROSPECT se reserva el derecho a retirar de inmediato el contenido, pudiendo solicitar el bloqueo permanente del Usuario. ACT\u00cdVA PROSPECT no se har\u00e1 responsable de los contenidos que libremente ha publicado un Usuario. El Usuario debe tener presente que sus publicaciones ser\u00e1n conocidas por los otros Usuarios, por lo que \u00e9l mismo es el principal responsable de su privacidad. Las im\u00e1genes que puedan publicarse en la p\u00e1gina no ser\u00e1n almacenadas en ning\u00fan fichero por parte de ACT\u00cdVA PROSPECT, pero s\u00ed que permanecer\u00e1n en la Red Social.<\/p>\n<h3>3. Concursos y promociones<\/h3>\n<p>ACT\u00cdVA PROSPECT se reserva el derecho a realizar concursos y promociones, en los que podr\u00e1 participar el Usuario unido a su p\u00e1gina. Las bases de cada uno de ellos, cuando se utilice para ello la plataforma de la Red Social, ser\u00e1n publicadas en la misma, cumpliendo siempre con la LSSI-CE y con cualquier otra norma que le sea de aplicaci\u00f3n. La Red Social no patrocina, avala ni administra, de modo alguno, ninguna de nuestras promociones, ni est\u00e1 asociada a ninguna de ellas.<\/p>\n<h3>4. Publicidad<\/h3>\n<p>ACT\u00cdVA PROSPECT utilizar\u00e1 la Red Social para publicitar sus productos y servicios, en todo caso, si decide tratar sus datos de contacto para realizar acciones directas de prospecci\u00f3n comercial, ser\u00e1 siempre cumpliendo con las exigencias legales de la normativa vigente en materia de protecci\u00f3n de datos y de la LSSI-CE. No se considerar\u00e1 publicidad el hecho de recomendar a otros Usuarios la p\u00e1gina de ACT\u00cdVA PROSPECT para que tambi\u00e9n ellos puedan disfrutar de las promociones o estar informados de su actividad. A continuaci\u00f3n, detallamos el enlace a la pol\u00edtica de privacidad de las Redes Sociales:<\/p>\n<ul>\n<li>Facebook: <a href=\"https:\/\/www.facebook.com\/help\/323540651073243\/\">https:\/\/www.facebook.com\/help\/323540651073243\/<\/a><\/li>\n<li>Twitter: <a href=\"https:\/\/twitter.com\/privacy\">https:\/\/twitter.com\/privacy<\/a><\/li>\n<li>Linkedin: <a href=\"https:\/\/www.linkedin.com\/legal\/privacy-policy\">https:\/\/www.linkedin.com\/legal\/privacy-policy<\/a><\/li>\n<li>Google+: <a href=\"https:\/\/policies.google.com\/privacy?hl=es\">https:\/\/policies.google.com\/privacy?hl=es<\/a><\/li>\n<li>Youtube: <a href=\"https:\/\/policies.google.com\/privacy?hl=es&amp;gl=es\">https:\/\/policies.google.com\/privacy?hl=es&amp;gl=\u00e9s<\/a><\/li>\n<li>Slideshare: <a href=\"https:\/\/www.linkedin.com\/legal\/privacy-policy\">https:\/\/www.linkedin.com\/legal\/privacy-policy<\/a><\/li>\n<\/ul>\n<p>&nbsp;<\/p>\n","protected":false},"excerpt":{"rendered":"<p>1. Introducci\u00f3n En cumplimiento de a lo establecido por el Reglamento (UE) 2016\/679 del Parlamento Europeo y del Consejo, de 27 de abril de 2016, relativo a la protecci\u00f3n de las personas f\u00edsicas en lo que respecta al tratamiento de datos personales y a la libre circulaci\u00f3n de estos datos y por el que se&hellip;<\/p>\n","protected":false},"author":1,"featured_media":0,"parent":0,"menu_order":0,"comment_status":"closed","ping_status":"closed","template":"","meta":{"footnotes":""},"class_list":["post-708","page","type-page","status-publish","hentry","entry","no-media"],"yoast_head":"<!-- This site is optimized with the Yoast SEO plugin v26.8 - https:\/\/yoast.com\/product\/yoast-seo-wordpress\/ -->\n<title>Pol\u00edtica de Privacidad Redes Sociales. Expertos en Estrategia territorial - Act\u00edva Prospect<\/title>\n<meta name=\"description\" content=\"Pol\u00edtica de Privacidad Redes Sociales. Entra en Act\u00edva Prospect para m\u00e1s informaci\u00f3n.\" \/>\n<meta name=\"robots\" content=\"noindex, follow\" \/>\n<meta property=\"og:locale\" content=\"es_ES\" \/>\n<meta property=\"og:type\" content=\"article\" \/>\n<meta property=\"og:title\" content=\"Pol\u00edtica de Privacidad Redes Sociales. Expertos en Estrategia territorial - Act\u00edva Prospect\" \/>\n<meta property=\"og:description\" content=\"Pol\u00edtica de Privacidad Redes Sociales. Entra en Act\u00edva Prospect para m\u00e1s informaci\u00f3n.\" \/>\n<meta property=\"og:url\" content=\"https:\/\/activaprospect.cat\/es\/politica-de-privacidad-redes-sociales\/\" \/>\n<meta property=\"og:site_name\" content=\"Act\u00edva Prospect\" \/>\n<meta property=\"article:modified_time\" content=\"2019-07-10T10:10:52+00:00\" \/>\n<meta name=\"twitter:card\" content=\"summary_large_image\" \/>\n<meta name=\"twitter:site\" content=\"@activaprospect\" \/>\n<meta name=\"twitter:label1\" content=\"Tiempo de lectura\" \/>\n\t<meta name=\"twitter:data1\" content=\"5 minutos\" \/>\n<script type=\"application\/ld+json\" class=\"yoast-schema-graph\">{\"@context\":\"https:\/\/schema.org\",\"@graph\":[{\"@type\":\"WebPage\",\"@id\":\"https:\/\/activaprospect.cat\/es\/politica-de-privacidad-redes-sociales\/\",\"url\":\"https:\/\/activaprospect.cat\/es\/politica-de-privacidad-redes-sociales\/\",\"name\":\"Pol\u00edtica de Privacidad Redes Sociales. Expertos en Estrategia territorial - Act\u00edva Prospect\",\"isPartOf\":{\"@id\":\"https:\/\/activaprospect.cat\/es\/#website\"},\"datePublished\":\"2018-09-28T08:42:28+00:00\",\"dateModified\":\"2019-07-10T10:10:52+00:00\",\"description\":\"Pol\u00edtica de Privacidad Redes Sociales. Entra en Act\u00edva Prospect para m\u00e1s informaci\u00f3n.\",\"breadcrumb\":{\"@id\":\"https:\/\/activaprospect.cat\/es\/politica-de-privacidad-redes-sociales\/#breadcrumb\"},\"inLanguage\":\"es\",\"potentialAction\":[{\"@type\":\"ReadAction\",\"target\":[\"https:\/\/activaprospect.cat\/es\/politica-de-privacidad-redes-sociales\/\"]}]},{\"@type\":\"BreadcrumbList\",\"@id\":\"https:\/\/activaprospect.cat\/es\/politica-de-privacidad-redes-sociales\/#breadcrumb\",\"itemListElement\":[{\"@type\":\"ListItem\",\"position\":1,\"name\":\"Inici\",\"item\":\"https:\/\/activaprospect.cat\/es\/\"},{\"@type\":\"ListItem\",\"position\":2,\"name\":\"Pol\u00edtica de Privacidad Redes Sociales\"}]},{\"@type\":\"WebSite\",\"@id\":\"https:\/\/activaprospect.cat\/es\/#website\",\"url\":\"https:\/\/activaprospect.cat\/es\/\",\"name\":\"Act\u00edva Prospect\",\"description\":\"Serveis de recerca, consultoria i assist&egrave;ncia t&egrave;cnica per la implementaci&oacute; de pol&iacute;tiques i projectes en l&#039;&agrave;mbit econ&ograve;mic i social\",\"publisher\":{\"@id\":\"https:\/\/activaprospect.cat\/es\/#organization\"},\"potentialAction\":[{\"@type\":\"SearchAction\",\"target\":{\"@type\":\"EntryPoint\",\"urlTemplate\":\"https:\/\/activaprospect.cat\/es\/?s={search_term_string}\"},\"query-input\":{\"@type\":\"PropertyValueSpecification\",\"valueRequired\":true,\"valueName\":\"search_term_string\"}}],\"inLanguage\":\"es\"},{\"@type\":\"Organization\",\"@id\":\"https:\/\/activaprospect.cat\/es\/#organization\",\"name\":\"ACT\u00cdVA PROSPECT Research & Solutions, S.L.\",\"url\":\"https:\/\/activaprospect.cat\/es\/\",\"logo\":{\"@type\":\"ImageObject\",\"inLanguage\":\"es\",\"@id\":\"https:\/\/activaprospect.cat\/es\/#\/schema\/logo\/image\/\",\"url\":\"https:\/\/activaprospect.cat\/wp-content\/uploads\/2018\/01\/logo-activa.png\",\"contentUrl\":\"https:\/\/activaprospect.cat\/wp-content\/uploads\/2018\/01\/logo-activa.png\",\"width\":365,\"height\":130,\"caption\":\"ACT\u00cdVA PROSPECT Research & Solutions, S.L.\"},\"image\":{\"@id\":\"https:\/\/activaprospect.cat\/es\/#\/schema\/logo\/image\/\"},\"sameAs\":[\"https:\/\/x.com\/activaprospect\",\"https:\/\/www.linkedin.com\/company\/activa-prospect\"]}]}<\/script>\n<!-- \/ Yoast SEO plugin. -->","yoast_head_json":{"title":"Pol\u00edtica de Privacidad Redes Sociales. Expertos en Estrategia territorial - Act\u00edva Prospect","description":"Pol\u00edtica de Privacidad Redes Sociales. Entra en Act\u00edva Prospect para m\u00e1s informaci\u00f3n.","robots":{"index":"noindex","follow":"follow"},"og_locale":"es_ES","og_type":"article","og_title":"Pol\u00edtica de Privacidad Redes Sociales. Expertos en Estrategia territorial - Act\u00edva Prospect","og_description":"Pol\u00edtica de Privacidad Redes Sociales. Entra en Act\u00edva Prospect para m\u00e1s informaci\u00f3n.","og_url":"https:\/\/activaprospect.cat\/es\/politica-de-privacidad-redes-sociales\/","og_site_name":"Act\u00edva Prospect","article_modified_time":"2019-07-10T10:10:52+00:00","twitter_card":"summary_large_image","twitter_site":"@activaprospect","twitter_misc":{"Tiempo de lectura":"5 minutos"},"schema":{"@context":"https:\/\/schema.org","@graph":[{"@type":"WebPage","@id":"https:\/\/activaprospect.cat\/es\/politica-de-privacidad-redes-sociales\/","url":"https:\/\/activaprospect.cat\/es\/politica-de-privacidad-redes-sociales\/","name":"Pol\u00edtica de Privacidad Redes Sociales. Expertos en Estrategia territorial - Act\u00edva Prospect","isPartOf":{"@id":"https:\/\/activaprospect.cat\/es\/#website"},"datePublished":"2018-09-28T08:42:28+00:00","dateModified":"2019-07-10T10:10:52+00:00","description":"Pol\u00edtica de Privacidad Redes Sociales. Entra en Act\u00edva Prospect para m\u00e1s informaci\u00f3n.","breadcrumb":{"@id":"https:\/\/activaprospect.cat\/es\/politica-de-privacidad-redes-sociales\/#breadcrumb"},"inLanguage":"es","potentialAction":[{"@type":"ReadAction","target":["https:\/\/activaprospect.cat\/es\/politica-de-privacidad-redes-sociales\/"]}]},{"@type":"BreadcrumbList","@id":"https:\/\/activaprospect.cat\/es\/politica-de-privacidad-redes-sociales\/#breadcrumb","itemListElement":[{"@type":"ListItem","position":1,"name":"Inici","item":"https:\/\/activaprospect.cat\/es\/"},{"@type":"ListItem","position":2,"name":"Pol\u00edtica de Privacidad Redes Sociales"}]},{"@type":"WebSite","@id":"https:\/\/activaprospect.cat\/es\/#website","url":"https:\/\/activaprospect.cat\/es\/","name":"Act\u00edva Prospect","description":"Serveis de recerca, consultoria i assist&egrave;ncia t&egrave;cnica per la implementaci&oacute; de pol&iacute;tiques i projectes en l&#039;&agrave;mbit econ&ograve;mic i social","publisher":{"@id":"https:\/\/activaprospect.cat\/es\/#organization"},"potentialAction":[{"@type":"SearchAction","target":{"@type":"EntryPoint","urlTemplate":"https:\/\/activaprospect.cat\/es\/?s={search_term_string}"},"query-input":{"@type":"PropertyValueSpecification","valueRequired":true,"valueName":"search_term_string"}}],"inLanguage":"es"},{"@type":"Organization","@id":"https:\/\/activaprospect.cat\/es\/#organization","name":"ACT\u00cdVA PROSPECT Research & Solutions, S.L.","url":"https:\/\/activaprospect.cat\/es\/","logo":{"@type":"ImageObject","inLanguage":"es","@id":"https:\/\/activaprospect.cat\/es\/#\/schema\/logo\/image\/","url":"https:\/\/activaprospect.cat\/wp-content\/uploads\/2018\/01\/logo-activa.png","contentUrl":"https:\/\/activaprospect.cat\/wp-content\/uploads\/2018\/01\/logo-activa.png","width":365,"height":130,"caption":"ACT\u00cdVA PROSPECT Research & Solutions, S.L."},"image":{"@id":"https:\/\/activaprospect.cat\/es\/#\/schema\/logo\/image\/"},"sameAs":["https:\/\/x.com\/activaprospect","https:\/\/www.linkedin.com\/company\/activa-prospect"]}]}},"_links":{"self":[{"href":"https:\/\/activaprospect.cat\/es\/wp-json\/wp\/v2\/pages\/708","targetHints":{"allow":["GET"]}}],"collection":[{"href":"https:\/\/activaprospect.cat\/es\/wp-json\/wp\/v2\/pages"}],"about":[{"href":"https:\/\/activaprospect.cat\/es\/wp-json\/wp\/v2\/types\/page"}],"author":[{"embeddable":true,"href":"https:\/\/activaprospect.cat\/es\/wp-json\/wp\/v2\/users\/1"}],"replies":[{"embeddable":true,"href":"https:\/\/activaprospect.cat\/es\/wp-json\/wp\/v2\/comments?post=708"}],"version-history":[{"count":0,"href":"https:\/\/activaprospect.cat\/es\/wp-json\/wp\/v2\/pages\/708\/revisions"}],"wp:attachment":[{"href":"https:\/\/activaprospect.cat\/es\/wp-json\/wp\/v2\/media?parent=708"}],"curies":[{"name":"wp","href":"https:\/\/api.w.org\/{rel}","templated":true}]}}